


















{"id":789,"date":"2019-10-16T17:22:07","date_gmt":"2019-10-16T15:22:07","guid":{"rendered":"https:\/\/jib.fr\/?page_id=789"},"modified":"2022-05-04T17:14:08","modified_gmt":"2022-05-04T15:14:08","slug":"our-organization","status":"publish","type":"page","link":"https:\/\/jib.fr\/en\/our-organization\/","title":{"rendered":"Our Organization"},"content":{"rendered":"<div class=\"wpb-content-wrapper\"><p>[vc_row full_width=&#8221;stretch_row_content_no_spaces&#8221; el_class=&#8221;box-savo&#8221; css=&#8221;.vc_custom_1580891453032{background-image: url(https:\/\/jib.fr\/wp-content\/uploads\/2020\/02\/presentation-jib.jpg?id=431) !important;background-position: center !important;background-repeat: no-repeat !important;background-size: cover !important;}&#8221;][vc_column width=&#8221;5\/12&#8243;][\/vc_column][vc_column width=&#8221;7\/12&#8243; css=&#8221;.vc_custom_1569769975964{background-color: #4a5589 !important;}&#8221;][vc_column_text]<\/p>\n<h4><em>Discover our<\/em><\/h4>\n<h2>ORGANISATION<\/h2>\n<h3><\/h3>\n<p>[\/vc_column_text][\/vc_column][\/vc_row][vc_row el_class=&#8221;box-societe&#8221;][vc_column width=&#8221;1\/2&#8243;][vc_column_text]<img loading=\"lazy\" decoding=\"async\" class=\"alignnone size-full wp-image-150\" src=\"https:\/\/jib.fr\/wp-content\/uploads\/2019\/10\/i-1.png\" alt=\"\" width=\"300\" height=\"300\" srcset=\"https:\/\/jib.fr\/wp-content\/uploads\/2019\/10\/i-1.png 300w, https:\/\/jib.fr\/wp-content\/uploads\/2019\/10\/i-1-150x150.png 150w, https:\/\/jib.fr\/wp-content\/uploads\/2019\/10\/i-1-100x100.png 100w\" sizes=\"auto, (max-width: 300px) 100vw, 300px\" \/><\/p>\n<h3>SALES DEPARTMENT<\/h3>\n<ul>\n<li>Technical knowledge<\/li>\n<li>Material expertise<\/li>\n<li>A sales manager and an assistant working in a team<\/li>\n<li>Quick response<\/li>\n<\/ul>\n<p>[\/vc_column_text][\/vc_column][vc_column width=&#8221;1\/2&#8243;][vc_single_image image=&#8221;335&#8243; img_size=&#8221;full&#8221;][\/vc_column][\/vc_row][vc_row el_class=&#8221;box-societe&#8221;][vc_column width=&#8221;1\/2&#8243;][vc_column_text]<img loading=\"lazy\" decoding=\"async\" class=\"alignnone wp-image-151 size-full\" src=\"https:\/\/jib.fr\/wp-content\/uploads\/2019\/10\/i-2.png\" alt=\"\" width=\"300\" height=\"300\" srcset=\"https:\/\/jib.fr\/wp-content\/uploads\/2019\/10\/i-2.png 300w, https:\/\/jib.fr\/wp-content\/uploads\/2019\/10\/i-2-150x150.png 150w, https:\/\/jib.fr\/wp-content\/uploads\/2019\/10\/i-2-100x100.png 100w\" sizes=\"auto, (max-width: 300px) 100vw, 300px\" \/><\/p>\n<h3>DESIGN AND METHODS DEPARTMENT<\/h3>\n<ul>\n<li>Technical expertise and feasability<\/li>\n<li>Material and processes traceability<\/li>\n<li>(systems) improvement<\/li>\n<li>Production process<\/li>\n<li>Purchase and Supply chain department<\/li>\n<\/ul>\n<p>[\/vc_column_text][\/vc_column][vc_column width=&#8221;1\/2&#8243;][vc_single_image image=&#8221;218&#8243; img_size=&#8221;full&#8221;][\/vc_column][\/vc_row][vc_row el_class=&#8221;box-societe&#8221;][vc_column width=&#8221;1\/2&#8243;][vc_column_text]<img loading=\"lazy\" decoding=\"async\" class=\"alignnone wp-image-148 size-full\" src=\"https:\/\/jib.fr\/wp-content\/uploads\/2019\/10\/i-3.png\" alt=\"\" width=\"300\" height=\"300\" srcset=\"https:\/\/jib.fr\/wp-content\/uploads\/2019\/10\/i-3.png 300w, https:\/\/jib.fr\/wp-content\/uploads\/2019\/10\/i-3-150x150.png 150w, https:\/\/jib.fr\/wp-content\/uploads\/2019\/10\/i-3-100x100.png 100w\" sizes=\"auto, (max-width: 300px) 100vw, 300px\" \/><\/p>\n<h3>QUALITY CONTROL DEPARTMENT<\/h3>\n<ul>\n<li>Precision<\/li>\n<li>Thoroughness<\/li>\n<li>Conformity<\/li>\n<li>Quality standards<\/li>\n<li>Calibration<\/li>\n<li>Control<\/li>\n<li>Equipment<\/li>\n<\/ul>\n<p>[\/vc_column_text][\/vc_column][vc_column width=&#8221;1\/2&#8243;][vc_single_image image=&#8221;485&#8243; img_size=&#8221;full&#8221;][\/vc_column][\/vc_row][vc_row el_class=&#8221;box-societe&#8221;][vc_column width=&#8221;1\/2&#8243;][vc_column_text]<img loading=\"lazy\" decoding=\"async\" class=\"alignnone wp-image-149 size-full\" src=\"https:\/\/jib.fr\/wp-content\/uploads\/2020\/01\/i-4.png\" alt=\"\" width=\"300\" height=\"300\" \/><\/p>\n<h3>3D CONTROL AND PACKAGING<\/h3>\n<ul>\n<li>Inspection and sorting<\/li>\n<li>Standard or customized packaging<\/li>\n<li>Packing<\/li>\n<li>Labelling<\/li>\n<\/ul>\n<p>[\/vc_column_text][\/vc_column][vc_column width=&#8221;1\/2&#8243;][vc_single_image image=&#8221;486&#8243; img_size=&#8221;full&#8221;][\/vc_column][\/vc_row]<\/p>\n<\/div>","protected":false},"excerpt":{"rendered":"<p>[vc_row full_width=&#8221;stretch_row_content_no_spaces&#8221; el_class=&#8221;box-savo&#8221; css=&#8221;.vc_custom_1580891453032{background-image: url(https:\/\/jib.fr\/wp-content\/uploads\/2020\/02\/presentation-jib.jpg?id=431) !important;background-position: center !important;background-repeat: no-repeat !important;background-size: cover !important;}&#8221;][vc_column width=&#8221;5\/12&#8243;][\/vc_column][vc_column width=&#8221;7\/12&#8243; css=&#8221;.vc_custom_1569769975964{background-color: #4a5589 !important;}&#8221;][vc_column_text] Discover our ORGANISATION [\/vc_column_text][\/vc_column][\/vc_row][vc_row el_class=&#8221;box-societe&#8221;][vc_column width=&#8221;1\/2&#8243;][vc_column_text] SALES DEPARTMENT Technical knowledge Material expertise A sales manager and an assistant working in a team Quick response [\/vc_column_text][\/vc_column][vc_column width=&#8221;1\/2&#8243;][vc_single_image image=&#8221;335&#8243; img_size=&#8221;full&#8221;][\/vc_column][\/vc_row][vc_row el_class=&#8221;box-societe&#8221;][vc_column width=&#8221;1\/2&#8243;][vc_column_text] DESIGN AND METHODS DEPARTMENT Technical expertise and feasability &hellip; <\/p>\n<p class=\"link-more\"><a href=\"https:\/\/jib.fr\/en\/our-organization\/\" class=\"more-link\">Continue reading<span class=\"screen-reader-text\"> &#8220;Our Organization&#8221;<\/span><\/a><\/p>\n","protected":false},"author":1,"featured_media":0,"parent":0,"menu_order":0,"comment_status":"closed","ping_status":"closed","template":"","meta":{"footnotes":""},"class_list":["post-789","page","type-page","status-publish","hentry"],"yoast_head":"<!-- This site is optimized with the Yoast SEO plugin v27.5 - https:\/\/yoast.com\/product\/yoast-seo-wordpress\/ -->\n<title>Our Organization - JIB Transformation et D\u00e9coupe de Mati\u00e8res Souples et Semi-rigides<\/title>\n<meta name=\"description\" content=\"JIB. Sp\u00e9cialis\u00e9e dans la d\u00e9coupe et la transformation de toutes mati\u00e8res souples, semi-rigides et alv\u00e9olaires\" \/>\n<meta name=\"robots\" content=\"index, follow, max-snippet:-1, max-image-preview:large, max-video-preview:-1\" \/>\n<link rel=\"canonical\" href=\"https:\/\/jib.fr\/en\/our-organization\/\" \/>\n<meta property=\"og:locale\" content=\"en_US\" \/>\n<meta property=\"og:type\" content=\"article\" \/>\n<meta property=\"og:title\" content=\"Our Organization - JIB Transformation et D\u00e9coupe de Mati\u00e8res Souples et Semi-rigides\" \/>\n<meta property=\"og:description\" content=\"JIB. Sp\u00e9cialis\u00e9e dans la d\u00e9coupe et la transformation de toutes mati\u00e8res souples, semi-rigides et alv\u00e9olaires\" \/>\n<meta property=\"og:url\" content=\"https:\/\/jib.fr\/en\/our-organization\/\" \/>\n<meta property=\"og:site_name\" content=\"JIB Transformation et D\u00e9coupe de Mati\u00e8res Souples et Semi-rigides\" \/>\n<meta property=\"article:modified_time\" content=\"2022-05-04T15:14:08+00:00\" \/>\n<meta property=\"og:image\" content=\"https:\/\/jib.fr\/wp-content\/uploads\/2019\/10\/i-1.png\" \/>\n<meta name=\"twitter:card\" content=\"summary_large_image\" \/>\n<meta name=\"twitter:label1\" content=\"Est. reading time\" \/>\n\t<meta name=\"twitter:data1\" content=\"1 minute\" \/>\n<script type=\"application\/ld+json\" class=\"yoast-schema-graph\">{\"@context\":\"https:\\\/\\\/schema.org\",\"@graph\":[{\"@type\":\"WebPage\",\"@id\":\"https:\\\/\\\/jib.fr\\\/en\\\/our-organization\\\/\",\"url\":\"https:\\\/\\\/jib.fr\\\/en\\\/our-organization\\\/\",\"name\":\"Our Organization - JIB Transformation et D\u00e9coupe de Mati\u00e8res Souples et Semi-rigides\",\"isPartOf\":{\"@id\":\"https:\\\/\\\/jib.fr\\\/#website\"},\"primaryImageOfPage\":{\"@id\":\"https:\\\/\\\/jib.fr\\\/en\\\/our-organization\\\/#primaryimage\"},\"image\":{\"@id\":\"https:\\\/\\\/jib.fr\\\/en\\\/our-organization\\\/#primaryimage\"},\"thumbnailUrl\":\"https:\\\/\\\/jib.fr\\\/wp-content\\\/uploads\\\/2019\\\/10\\\/i-1.png\",\"datePublished\":\"2019-10-16T15:22:07+00:00\",\"dateModified\":\"2022-05-04T15:14:08+00:00\",\"description\":\"JIB. Sp\u00e9cialis\u00e9e dans la d\u00e9coupe et la transformation de toutes mati\u00e8res souples, semi-rigides et alv\u00e9olaires\",\"breadcrumb\":{\"@id\":\"https:\\\/\\\/jib.fr\\\/en\\\/our-organization\\\/#breadcrumb\"},\"inLanguage\":\"en-US\",\"potentialAction\":[{\"@type\":\"ReadAction\",\"target\":[\"https:\\\/\\\/jib.fr\\\/en\\\/our-organization\\\/\"]}]},{\"@type\":\"ImageObject\",\"inLanguage\":\"en-US\",\"@id\":\"https:\\\/\\\/jib.fr\\\/en\\\/our-organization\\\/#primaryimage\",\"url\":\"https:\\\/\\\/jib.fr\\\/wp-content\\\/uploads\\\/2019\\\/10\\\/i-1.png\",\"contentUrl\":\"https:\\\/\\\/jib.fr\\\/wp-content\\\/uploads\\\/2019\\\/10\\\/i-1.png\"},{\"@type\":\"BreadcrumbList\",\"@id\":\"https:\\\/\\\/jib.fr\\\/en\\\/our-organization\\\/#breadcrumb\",\"itemListElement\":[{\"@type\":\"ListItem\",\"position\":1,\"name\":\"Home\",\"item\":\"https:\\\/\\\/jib.fr\\\/en\\\/\"},{\"@type\":\"ListItem\",\"position\":2,\"name\":\"Our Organization\"}]},{\"@type\":\"WebSite\",\"@id\":\"https:\\\/\\\/jib.fr\\\/#website\",\"url\":\"https:\\\/\\\/jib.fr\\\/\",\"name\":\"JIB Transformation et D\u00e9coupe de Mati\u00e8res Souples et Semi-rigides\",\"description\":\"D\u00e9coupe industrielle\",\"publisher\":{\"@id\":\"https:\\\/\\\/jib.fr\\\/#organization\"},\"alternateName\":\"JIB\",\"potentialAction\":[{\"@type\":\"SearchAction\",\"target\":{\"@type\":\"EntryPoint\",\"urlTemplate\":\"https:\\\/\\\/jib.fr\\\/?s={search_term_string}\"},\"query-input\":{\"@type\":\"PropertyValueSpecification\",\"valueRequired\":true,\"valueName\":\"search_term_string\"}}],\"inLanguage\":\"en-US\"},{\"@type\":\"Organization\",\"@id\":\"https:\\\/\\\/jib.fr\\\/#organization\",\"name\":\"JIB Transformation et D\u00e9coupe de Mati\u00e8res Souples et Semi-rigides\",\"alternateName\":\"JIB\",\"url\":\"https:\\\/\\\/jib.fr\\\/\",\"logo\":{\"@type\":\"ImageObject\",\"inLanguage\":\"en-US\",\"@id\":\"https:\\\/\\\/jib.fr\\\/#\\\/schema\\\/logo\\\/image\\\/\",\"url\":\"https:\\\/\\\/jib.fr\\\/wp-content\\\/uploads\\\/2022\\\/12\\\/cropped-cropped-logo-larger-300x195-1-1.png\",\"contentUrl\":\"https:\\\/\\\/jib.fr\\\/wp-content\\\/uploads\\\/2022\\\/12\\\/cropped-cropped-logo-larger-300x195-1-1.png\",\"width\":384,\"height\":250,\"caption\":\"JIB Transformation et D\u00e9coupe de Mati\u00e8res Souples et Semi-rigides\"},\"image\":{\"@id\":\"https:\\\/\\\/jib.fr\\\/#\\\/schema\\\/logo\\\/image\\\/\"}}]}<\/script>\n<!-- \/ Yoast SEO plugin. -->","yoast_head_json":{"title":"Our Organization - JIB Transformation et D\u00e9coupe de Mati\u00e8res Souples et Semi-rigides","description":"JIB. Sp\u00e9cialis\u00e9e dans la d\u00e9coupe et la transformation de toutes mati\u00e8res souples, semi-rigides et alv\u00e9olaires","robots":{"index":"index","follow":"follow","max-snippet":"max-snippet:-1","max-image-preview":"max-image-preview:large","max-video-preview":"max-video-preview:-1"},"canonical":"https:\/\/jib.fr\/en\/our-organization\/","og_locale":"en_US","og_type":"article","og_title":"Our Organization - JIB Transformation et D\u00e9coupe de Mati\u00e8res Souples et Semi-rigides","og_description":"JIB. Sp\u00e9cialis\u00e9e dans la d\u00e9coupe et la transformation de toutes mati\u00e8res souples, semi-rigides et alv\u00e9olaires","og_url":"https:\/\/jib.fr\/en\/our-organization\/","og_site_name":"JIB Transformation et D\u00e9coupe de Mati\u00e8res Souples et Semi-rigides","article_modified_time":"2022-05-04T15:14:08+00:00","og_image":[{"url":"https:\/\/jib.fr\/wp-content\/uploads\/2019\/10\/i-1.png","type":"","width":"","height":""}],"twitter_card":"summary_large_image","twitter_misc":{"Est. reading time":"1 minute"},"schema":{"@context":"https:\/\/schema.org","@graph":[{"@type":"WebPage","@id":"https:\/\/jib.fr\/en\/our-organization\/","url":"https:\/\/jib.fr\/en\/our-organization\/","name":"Our Organization - JIB Transformation et D\u00e9coupe de Mati\u00e8res Souples et Semi-rigides","isPartOf":{"@id":"https:\/\/jib.fr\/#website"},"primaryImageOfPage":{"@id":"https:\/\/jib.fr\/en\/our-organization\/#primaryimage"},"image":{"@id":"https:\/\/jib.fr\/en\/our-organization\/#primaryimage"},"thumbnailUrl":"https:\/\/jib.fr\/wp-content\/uploads\/2019\/10\/i-1.png","datePublished":"2019-10-16T15:22:07+00:00","dateModified":"2022-05-04T15:14:08+00:00","description":"JIB. Sp\u00e9cialis\u00e9e dans la d\u00e9coupe et la transformation de toutes mati\u00e8res souples, semi-rigides et alv\u00e9olaires","breadcrumb":{"@id":"https:\/\/jib.fr\/en\/our-organization\/#breadcrumb"},"inLanguage":"en-US","potentialAction":[{"@type":"ReadAction","target":["https:\/\/jib.fr\/en\/our-organization\/"]}]},{"@type":"ImageObject","inLanguage":"en-US","@id":"https:\/\/jib.fr\/en\/our-organization\/#primaryimage","url":"https:\/\/jib.fr\/wp-content\/uploads\/2019\/10\/i-1.png","contentUrl":"https:\/\/jib.fr\/wp-content\/uploads\/2019\/10\/i-1.png"},{"@type":"BreadcrumbList","@id":"https:\/\/jib.fr\/en\/our-organization\/#breadcrumb","itemListElement":[{"@type":"ListItem","position":1,"name":"Home","item":"https:\/\/jib.fr\/en\/"},{"@type":"ListItem","position":2,"name":"Our Organization"}]},{"@type":"WebSite","@id":"https:\/\/jib.fr\/#website","url":"https:\/\/jib.fr\/","name":"JIB Transformation et D\u00e9coupe de Mati\u00e8res Souples et Semi-rigides","description":"D\u00e9coupe industrielle","publisher":{"@id":"https:\/\/jib.fr\/#organization"},"alternateName":"JIB","potentialAction":[{"@type":"SearchAction","target":{"@type":"EntryPoint","urlTemplate":"https:\/\/jib.fr\/?s={search_term_string}"},"query-input":{"@type":"PropertyValueSpecification","valueRequired":true,"valueName":"search_term_string"}}],"inLanguage":"en-US"},{"@type":"Organization","@id":"https:\/\/jib.fr\/#organization","name":"JIB Transformation et D\u00e9coupe de Mati\u00e8res Souples et Semi-rigides","alternateName":"JIB","url":"https:\/\/jib.fr\/","logo":{"@type":"ImageObject","inLanguage":"en-US","@id":"https:\/\/jib.fr\/#\/schema\/logo\/image\/","url":"https:\/\/jib.fr\/wp-content\/uploads\/2022\/12\/cropped-cropped-logo-larger-300x195-1-1.png","contentUrl":"https:\/\/jib.fr\/wp-content\/uploads\/2022\/12\/cropped-cropped-logo-larger-300x195-1-1.png","width":384,"height":250,"caption":"JIB Transformation et D\u00e9coupe de Mati\u00e8res Souples et Semi-rigides"},"image":{"@id":"https:\/\/jib.fr\/#\/schema\/logo\/image\/"}}]}},"_links":{"self":[{"href":"https:\/\/jib.fr\/en\/wp-json\/wp\/v2\/pages\/789","targetHints":{"allow":["GET"]}}],"collection":[{"href":"https:\/\/jib.fr\/en\/wp-json\/wp\/v2\/pages"}],"about":[{"href":"https:\/\/jib.fr\/en\/wp-json\/wp\/v2\/types\/page"}],"author":[{"embeddable":true,"href":"https:\/\/jib.fr\/en\/wp-json\/wp\/v2\/users\/1"}],"replies":[{"embeddable":true,"href":"https:\/\/jib.fr\/en\/wp-json\/wp\/v2\/comments?post=789"}],"version-history":[{"count":1,"href":"https:\/\/jib.fr\/en\/wp-json\/wp\/v2\/pages\/789\/revisions"}],"predecessor-version":[{"id":812,"href":"https:\/\/jib.fr\/en\/wp-json\/wp\/v2\/pages\/789\/revisions\/812"}],"wp:attachment":[{"href":"https:\/\/jib.fr\/en\/wp-json\/wp\/v2\/media?parent=789"}],"curies":[{"name":"wp","href":"https:\/\/api.w.org\/{rel}","templated":true}]}}