


















{"id":782,"date":"2019-10-10T11:20:16","date_gmt":"2019-10-10T09:20:16","guid":{"rendered":"https:\/\/jib.fr\/?page_id=782"},"modified":"2022-05-04T16:36:47","modified_gmt":"2022-05-04T14:36:47","slug":"filtre","status":"publish","type":"page","link":"https:\/\/jib.fr\/en\/filtre\/","title":{"rendered":"Filtre"},"content":{"rendered":"<div class='container top30' ><h3>Nos Matieres <span>text a definir<\/span><\/h3><div class='row'><div class='col-xs-3'><select class='form-control' id='selectDatafilter'><option value='Plaques Moul\u00e9es'>Plaques Moul\u00e9es<\/option><option value='C\/C Cellulaires'>C\/C Cellulaires<\/option><option value='Mousses'>Mousses<\/option><option value='Plastiques'>Plastiques<\/option><option value='Papiers \/ Cartons'>Papiers \/ Cartons<\/option><option value='Isolants'>Isolants<\/option><option value='Li\u00e8ges'>Li\u00e8ges<\/option><option value='Fibres'>Fibres<\/option><option value='Fibres d\u2019aramide'>Fibres d\u2019aramide<\/option><option value='Feutres'>Feutres<\/option><option value='Joints toriques'>Joints toriques<\/option><option value='Rondelles C\/C'>Rondelles C\/C<\/option><option value='Tubes'>Tubes<\/option><option value='Cordes et Joncs'>Cordes et Joncs<\/option><\/select><\/div><div class='col-xs-9'><input type='text' id='searchDatafilter' value='' class='form-control' placeholder='Rechercher un nom ou une abr\u00e9viation' ><\/div><\/div><div class='row top30'> <p><a href='https:\/\/jib.fr\/nos-matieres\/'> <-- Retour aux familles <\/a><\/p><div id='page2'><table id='table_id' class='display'><thead><tr><th>Famille<\/th><th>Abreviation<\/th><th>Designation<\/th><\/tr><\/thead><tbody><\/tbody><\/table><\/div><\/div><\/div>\n","protected":false},"excerpt":{"rendered":"Nos Matieres text a definirPlaques Moul\u00e9esC\/C CellulairesMoussesPlastiquesPapiers \/ CartonsIsolantsLi\u00e8gesFibresFibres d\u2019aramideFeutresJoints toriquesRondelles C\/CTubesCordes et Joncs","protected":false},"author":1,"featured_media":0,"parent":0,"menu_order":0,"comment_status":"closed","ping_status":"closed","template":"","meta":{"footnotes":""},"class_list":["post-782","page","type-page","status-publish","hentry"],"yoast_head":"<!-- This site is optimized with the Yoast SEO plugin v27.5 - https:\/\/yoast.com\/product\/yoast-seo-wordpress\/ -->\n<title>Filtre - JIB Transformation et D\u00e9coupe de Mati\u00e8res Souples et Semi-rigides<\/title>\n<meta name=\"description\" content=\"JIB. Sp\u00e9cialis\u00e9e dans la d\u00e9coupe et la transformation de toutes mati\u00e8res souples, semi-rigides et alv\u00e9olaires\" \/>\n<meta name=\"robots\" content=\"index, follow, max-snippet:-1, max-image-preview:large, max-video-preview:-1\" \/>\n<link rel=\"canonical\" href=\"https:\/\/jib.fr\/en\/filtre\/\" \/>\n<meta property=\"og:locale\" content=\"en_US\" \/>\n<meta property=\"og:type\" content=\"article\" \/>\n<meta property=\"og:title\" content=\"Filtre - JIB Transformation et D\u00e9coupe de Mati\u00e8res Souples et Semi-rigides\" \/>\n<meta property=\"og:description\" content=\"JIB. Sp\u00e9cialis\u00e9e dans la d\u00e9coupe et la transformation de toutes mati\u00e8res souples, semi-rigides et alv\u00e9olaires\" \/>\n<meta property=\"og:url\" content=\"https:\/\/jib.fr\/en\/filtre\/\" \/>\n<meta property=\"og:site_name\" content=\"JIB Transformation et D\u00e9coupe de Mati\u00e8res Souples et Semi-rigides\" \/>\n<meta property=\"article:modified_time\" content=\"2022-05-04T14:36:47+00:00\" \/>\n<meta property=\"og:image\" content=\"https:\/\/jib.fr\/wp-content\/uploads\/2023\/05\/cropped-logo-larger.png\" \/>\n\t<meta property=\"og:image:width\" content=\"384\" \/>\n\t<meta property=\"og:image:height\" content=\"250\" \/>\n\t<meta property=\"og:image:type\" content=\"image\/png\" \/>\n<meta name=\"twitter:card\" content=\"summary_large_image\" \/>\n<script type=\"application\/ld+json\" class=\"yoast-schema-graph\">{\"@context\":\"https:\\\/\\\/schema.org\",\"@graph\":[{\"@type\":\"WebPage\",\"@id\":\"https:\\\/\\\/jib.fr\\\/en\\\/filtre\\\/\",\"url\":\"https:\\\/\\\/jib.fr\\\/en\\\/filtre\\\/\",\"name\":\"Filtre - JIB Transformation et D\u00e9coupe de Mati\u00e8res Souples et Semi-rigides\",\"isPartOf\":{\"@id\":\"https:\\\/\\\/jib.fr\\\/#website\"},\"datePublished\":\"2019-10-10T09:20:16+00:00\",\"dateModified\":\"2022-05-04T14:36:47+00:00\",\"description\":\"JIB. Sp\u00e9cialis\u00e9e dans la d\u00e9coupe et la transformation de toutes mati\u00e8res souples, semi-rigides et alv\u00e9olaires\",\"breadcrumb\":{\"@id\":\"https:\\\/\\\/jib.fr\\\/en\\\/filtre\\\/#breadcrumb\"},\"inLanguage\":\"en-US\",\"potentialAction\":[{\"@type\":\"ReadAction\",\"target\":[\"https:\\\/\\\/jib.fr\\\/en\\\/filtre\\\/\"]}]},{\"@type\":\"BreadcrumbList\",\"@id\":\"https:\\\/\\\/jib.fr\\\/en\\\/filtre\\\/#breadcrumb\",\"itemListElement\":[{\"@type\":\"ListItem\",\"position\":1,\"name\":\"Home\",\"item\":\"https:\\\/\\\/jib.fr\\\/en\\\/\"},{\"@type\":\"ListItem\",\"position\":2,\"name\":\"Filtre\"}]},{\"@type\":\"WebSite\",\"@id\":\"https:\\\/\\\/jib.fr\\\/#website\",\"url\":\"https:\\\/\\\/jib.fr\\\/\",\"name\":\"JIB Transformation et D\u00e9coupe de Mati\u00e8res Souples et Semi-rigides\",\"description\":\"D\u00e9coupe industrielle\",\"publisher\":{\"@id\":\"https:\\\/\\\/jib.fr\\\/#organization\"},\"alternateName\":\"JIB\",\"potentialAction\":[{\"@type\":\"SearchAction\",\"target\":{\"@type\":\"EntryPoint\",\"urlTemplate\":\"https:\\\/\\\/jib.fr\\\/?s={search_term_string}\"},\"query-input\":{\"@type\":\"PropertyValueSpecification\",\"valueRequired\":true,\"valueName\":\"search_term_string\"}}],\"inLanguage\":\"en-US\"},{\"@type\":\"Organization\",\"@id\":\"https:\\\/\\\/jib.fr\\\/#organization\",\"name\":\"JIB Transformation et D\u00e9coupe de Mati\u00e8res Souples et Semi-rigides\",\"alternateName\":\"JIB\",\"url\":\"https:\\\/\\\/jib.fr\\\/\",\"logo\":{\"@type\":\"ImageObject\",\"inLanguage\":\"en-US\",\"@id\":\"https:\\\/\\\/jib.fr\\\/#\\\/schema\\\/logo\\\/image\\\/\",\"url\":\"https:\\\/\\\/jib.fr\\\/wp-content\\\/uploads\\\/2022\\\/12\\\/cropped-cropped-logo-larger-300x195-1-1.png\",\"contentUrl\":\"https:\\\/\\\/jib.fr\\\/wp-content\\\/uploads\\\/2022\\\/12\\\/cropped-cropped-logo-larger-300x195-1-1.png\",\"width\":384,\"height\":250,\"caption\":\"JIB Transformation et D\u00e9coupe de Mati\u00e8res Souples et Semi-rigides\"},\"image\":{\"@id\":\"https:\\\/\\\/jib.fr\\\/#\\\/schema\\\/logo\\\/image\\\/\"}}]}<\/script>\n<!-- \/ Yoast SEO plugin. -->","yoast_head_json":{"title":"Filtre - JIB Transformation et D\u00e9coupe de Mati\u00e8res Souples et Semi-rigides","description":"JIB. Sp\u00e9cialis\u00e9e dans la d\u00e9coupe et la transformation de toutes mati\u00e8res souples, semi-rigides et alv\u00e9olaires","robots":{"index":"index","follow":"follow","max-snippet":"max-snippet:-1","max-image-preview":"max-image-preview:large","max-video-preview":"max-video-preview:-1"},"canonical":"https:\/\/jib.fr\/en\/filtre\/","og_locale":"en_US","og_type":"article","og_title":"Filtre - JIB Transformation et D\u00e9coupe de Mati\u00e8res Souples et Semi-rigides","og_description":"JIB. Sp\u00e9cialis\u00e9e dans la d\u00e9coupe et la transformation de toutes mati\u00e8res souples, semi-rigides et alv\u00e9olaires","og_url":"https:\/\/jib.fr\/en\/filtre\/","og_site_name":"JIB Transformation et D\u00e9coupe de Mati\u00e8res Souples et Semi-rigides","article_modified_time":"2022-05-04T14:36:47+00:00","og_image":[{"width":384,"height":250,"url":"https:\/\/jib.fr\/wp-content\/uploads\/2023\/05\/cropped-logo-larger.png","type":"image\/png"}],"twitter_card":"summary_large_image","schema":{"@context":"https:\/\/schema.org","@graph":[{"@type":"WebPage","@id":"https:\/\/jib.fr\/en\/filtre\/","url":"https:\/\/jib.fr\/en\/filtre\/","name":"Filtre - JIB Transformation et D\u00e9coupe de Mati\u00e8res Souples et Semi-rigides","isPartOf":{"@id":"https:\/\/jib.fr\/#website"},"datePublished":"2019-10-10T09:20:16+00:00","dateModified":"2022-05-04T14:36:47+00:00","description":"JIB. Sp\u00e9cialis\u00e9e dans la d\u00e9coupe et la transformation de toutes mati\u00e8res souples, semi-rigides et alv\u00e9olaires","breadcrumb":{"@id":"https:\/\/jib.fr\/en\/filtre\/#breadcrumb"},"inLanguage":"en-US","potentialAction":[{"@type":"ReadAction","target":["https:\/\/jib.fr\/en\/filtre\/"]}]},{"@type":"BreadcrumbList","@id":"https:\/\/jib.fr\/en\/filtre\/#breadcrumb","itemListElement":[{"@type":"ListItem","position":1,"name":"Home","item":"https:\/\/jib.fr\/en\/"},{"@type":"ListItem","position":2,"name":"Filtre"}]},{"@type":"WebSite","@id":"https:\/\/jib.fr\/#website","url":"https:\/\/jib.fr\/","name":"JIB Transformation et D\u00e9coupe de Mati\u00e8res Souples et Semi-rigides","description":"D\u00e9coupe industrielle","publisher":{"@id":"https:\/\/jib.fr\/#organization"},"alternateName":"JIB","potentialAction":[{"@type":"SearchAction","target":{"@type":"EntryPoint","urlTemplate":"https:\/\/jib.fr\/?s={search_term_string}"},"query-input":{"@type":"PropertyValueSpecification","valueRequired":true,"valueName":"search_term_string"}}],"inLanguage":"en-US"},{"@type":"Organization","@id":"https:\/\/jib.fr\/#organization","name":"JIB Transformation et D\u00e9coupe de Mati\u00e8res Souples et Semi-rigides","alternateName":"JIB","url":"https:\/\/jib.fr\/","logo":{"@type":"ImageObject","inLanguage":"en-US","@id":"https:\/\/jib.fr\/#\/schema\/logo\/image\/","url":"https:\/\/jib.fr\/wp-content\/uploads\/2022\/12\/cropped-cropped-logo-larger-300x195-1-1.png","contentUrl":"https:\/\/jib.fr\/wp-content\/uploads\/2022\/12\/cropped-cropped-logo-larger-300x195-1-1.png","width":384,"height":250,"caption":"JIB Transformation et D\u00e9coupe de Mati\u00e8res Souples et Semi-rigides"},"image":{"@id":"https:\/\/jib.fr\/#\/schema\/logo\/image\/"}}]}},"_links":{"self":[{"href":"https:\/\/jib.fr\/en\/wp-json\/wp\/v2\/pages\/782","targetHints":{"allow":["GET"]}}],"collection":[{"href":"https:\/\/jib.fr\/en\/wp-json\/wp\/v2\/pages"}],"about":[{"href":"https:\/\/jib.fr\/en\/wp-json\/wp\/v2\/types\/page"}],"author":[{"embeddable":true,"href":"https:\/\/jib.fr\/en\/wp-json\/wp\/v2\/users\/1"}],"replies":[{"embeddable":true,"href":"https:\/\/jib.fr\/en\/wp-json\/wp\/v2\/comments?post=782"}],"version-history":[{"count":1,"href":"https:\/\/jib.fr\/en\/wp-json\/wp\/v2\/pages\/782\/revisions"}],"predecessor-version":[{"id":783,"href":"https:\/\/jib.fr\/en\/wp-json\/wp\/v2\/pages\/782\/revisions\/783"}],"wp:attachment":[{"href":"https:\/\/jib.fr\/en\/wp-json\/wp\/v2\/media?parent=782"}],"curies":[{"name":"wp","href":"https:\/\/api.w.org\/{rel}","templated":true}]}}