


















{"id":780,"date":"2019-09-28T16:19:57","date_gmt":"2019-09-28T14:19:57","guid":{"rendered":"https:\/\/jib.fr\/?page_id=780"},"modified":"2022-05-04T16:34:52","modified_gmt":"2022-05-04T14:34:52","slug":"footer","status":"publish","type":"page","link":"https:\/\/jib.fr\/en\/footer\/","title":{"rendered":"Footer"},"content":{"rendered":"<div class=\"wpb-content-wrapper\"><p>[vc_row content_placement=&#8221;middle&#8221; el_class=&#8221;box-footertop&#8221; css=&#8221;.vc_custom_1569748384301{background-color: #3c4377 !important;}&#8221;][vc_column width=&#8221;1\/4&#8243;][vc_single_image image=&#8221;277&#8243; img_size=&#8221;full&#8221; onclick=&#8221;custom_link&#8221; link=&#8221;https:\/\/jib.fr\/&#8221; el_class=&#8221;footer-logo&#8221;][\/vc_column][vc_column width=&#8221;1\/2&#8243;][vc_column_text el_class=&#8221;table-top&#8221;]<\/p>\n<table>\n<tbody>\n<tr>\n<td><img loading=\"lazy\" decoding=\"async\" class=\"alignnone size-full wp-image-39\" src=\"https:\/\/jib.fr\/wp-content\/uploads\/2019\/09\/icon-phone.png\" alt=\"\" width=\"37\" height=\"37\" \/><strong>Phone<\/strong><\/p>\n<p>+33(0)1 34 45 24 24<\/td>\n<td><img loading=\"lazy\" decoding=\"async\" class=\"alignnone size-full wp-image-37\" src=\"https:\/\/jib.fr\/wp-content\/uploads\/2019\/09\/icon-mail.png\" alt=\"\" width=\"37\" height=\"37\" \/><strong>Mail<\/strong><\/p>\n<p><a href=\"mailto:site@jib.fr\">site@jib.fr<\/a><\/td>\n<td><img loading=\"lazy\" decoding=\"async\" class=\"alignnone size-full wp-image-38\" src=\"https:\/\/jib.fr\/wp-content\/uploads\/2019\/09\/icon-note.png\" alt=\"\" width=\"37\" height=\"37\" \/><strong>Fax<\/strong><\/p>\n<p>+33(0)1 34 45 24 20<\/td>\n<\/tr>\n<\/tbody>\n<\/table>\n<div id=\"gtx-trans\" style=\"position: absolute; left: 49px; top: 118.667px;\">\n<div class=\"gtx-trans-icon\"><\/div>\n<\/div>\n<p>[\/vc_column_text][vc_column_text el_class=&#8221;table-bottom&#8221;]<\/p>\n<table>\n<tbody>\n<tr>\n<td><img loading=\"lazy\" decoding=\"async\" class=\"alignnone size-full wp-image-36\" src=\"https:\/\/jib.fr\/wp-content\/uploads\/2019\/09\/icon-location.png\" alt=\"\" width=\"37\" height=\"37\" \/><strong>Address<\/strong><\/p>\n<p>Parc d&#8217;Activit\u00e9s les Doucettes, 10 et 12 rue des Gaillards, 95140 Garges-l\u00e8s-Gonesse cedex<\/td>\n<\/tr>\n<\/tbody>\n<\/table>\n<p>[\/vc_column_text][\/vc_column][vc_column width=&#8221;1\/4&#8243;][vc_column_text el_class=&#8221;f-link&#8221;][\/vc_column_text][\/vc_column][\/vc_row][vc_row el_class=&#8221;box-footerbottom&#8221; css=&#8221;.vc_custom_1569732579508{background-color: #3c4377 !important;}&#8221;][vc_column][vc_column_text el_class=&#8221;f-linkbottm&#8221;]<\/p>\n<ul>\n<li>JIB.fr<\/li>\n<li><a href=\"https:\/\/jib.fr\/mentions-legales-et-politique-de-confidentialite\/\">Legal Notice <\/a><\/li>\n<li>\u00a9 by <a href=\"https:\/\/edovel.com\" target=\"_blank\" rel=\"noopener noreferrer\">eDovel.com<\/a><\/li>\n<\/ul>\n<p>[\/vc_column_text][vc_raw_js]JTNDc2NyaXB0JTNFJTBBalF1ZXJ5JTI4JTIyLnNpdGUtZm9vdGVyJTIwLndpZGdldF9zZWFyY2glMjIlMjkuZGV0YWNoJTI4JTI5Lmluc2VydEFmdGVyJTI4JTIyLnNpdGUtaGVhZGVyJTIwLm5hdmlnYXRpb24tdG9wJTIyJTI5JTNCJTBBalF1ZXJ5JTI4JTIyLnNpdGUtaGVhZGVyJTIwLndpZGdldF9zZWFyY2glMjAud2lkZ2V0LXRpdGxlJTIyJTI5LmNsaWNrJTI4ZnVuY3Rpb24lMjglMjklN0IlMEFzZXRUaW1lb3V0JTI4ZnVuY3Rpb24lMjglMjklN0JqUXVlcnklMjglMjcuc2l0ZS1oZWFkZXIlMjAud2lkZ2V0X3NlYXJjaCUyMGlucHV0LnNlYXJjaC1maWVsZCUyNyUyOS5mb2N1cyUyOCUyOSUzQiU3RCUyQzEwMCUyOSUzQiUwQWpRdWVyeSUyOHRoaXMlMjkucGFyZW50JTI4JTI5LnRvZ2dsZUNsYXNzJTI4JTIyYWN0aXZlJTIyJTI5JTNCJTBBJTdEJTI5JTNCJTBBJTBBd2luZG93Lm9uc2Nyb2xsJTIwJTNEJTIwZnVuY3Rpb24lMjglMjklMjAlN0JteUZ1bmN0aW9uJTI4JTI5JTdEJTNCJTBBJTBBJTJGJTJGJTIwR2V0JTIwdGhlJTIwbmF2YmFyJTBBdmFyJTIwbmF2YmFyJTIwJTNEJTIwZG9jdW1lbnQuZ2V0RWxlbWVudEJ5SWQlMjglMjJtYXN0aGVhZCUyMiUyOSUzQiUwQSUwQSUyRiUyRiUyMEFkZCUyMHRoZSUyMHN0aWNreSUyMGNsYXNzJTIwdG8lMjB0aGUlMjBuYXZiYXIlMjB3aGVuJTIweW91JTIwcmVhY2glMjBpdHMlMjBzY3JvbGwlMjBwb3NpdGlvbi4lMjBSZW1vdmUlMjAlMjJzdGlja3klMjIlMjB3aGVuJTIweW91JTIwbGVhdmUlMjB0aGUlMjBzY3JvbGwlMjBwb3NpdGlvbiUwQWZ1bmN0aW9uJTIwbXlGdW5jdGlvbiUyOCUyOSUyMCU3QiUwQSUyMCUyMGlmJTIwJTI4d2luZG93LnBhZ2VZT2Zmc2V0JTIwJTNFJTNEJTIwMTUwJTI5JTIwJTdCJTBBJTIwJTIwJTIwJTIwbmF2YmFyLmNsYXNzTGlzdC5hZGQlMjglMjJzdGlja3klMjIlMjklMEElMjAlMjAlN0QlMjBlbHNlJTIwJTdCJTBBJTIwJTIwJTIwJTIwbmF2YmFyLmNsYXNzTGlzdC5yZW1vdmUlMjglMjJzdGlja3klMjIlMjklM0IlMEElMjAlMjAlN0QlMEElN0QlMEElM0MlMkZzY3JpcHQlM0U=[\/vc_raw_js][\/vc_column][\/vc_row]<\/p>\n<\/div>","protected":false},"excerpt":{"rendered":"<p>[vc_row content_placement=&#8221;middle&#8221; el_class=&#8221;box-footertop&#8221; css=&#8221;.vc_custom_1569748384301{background-color: #3c4377 !important;}&#8221;][vc_column width=&#8221;1\/4&#8243;][vc_single_image image=&#8221;277&#8243; img_size=&#8221;full&#8221; onclick=&#8221;custom_link&#8221; link=&#8221;https:\/\/jib.fr\/&#8221; el_class=&#8221;footer-logo&#8221;][\/vc_column][vc_column width=&#8221;1\/2&#8243;][vc_column_text el_class=&#8221;table-top&#8221;] Phone +33(0)1 34 45 24 24 Mail site@jib.fr Fax +33(0)1 34 45 24 20 [\/vc_column_text][vc_column_text el_class=&#8221;table-bottom&#8221;] Address Parc d&#8217;Activit\u00e9s les Doucettes, 10 et 12 rue des Gaillards, 95140 Garges-l\u00e8s-Gonesse cedex [\/vc_column_text][\/vc_column][vc_column width=&#8221;1\/4&#8243;][vc_column_text el_class=&#8221;f-link&#8221;][\/vc_column_text][\/vc_column][\/vc_row][vc_row el_class=&#8221;box-footerbottom&#8221; css=&#8221;.vc_custom_1569732579508{background-color: #3c4377 !important;}&#8221;][vc_column][vc_column_text el_class=&#8221;f-linkbottm&#8221;] JIB.fr Legal Notice &hellip; <\/p>\n<p class=\"link-more\"><a href=\"https:\/\/jib.fr\/en\/footer\/\" class=\"more-link\">Continue reading<span class=\"screen-reader-text\"> &#8220;Footer&#8221;<\/span><\/a><\/p>\n","protected":false},"author":1,"featured_media":0,"parent":0,"menu_order":0,"comment_status":"closed","ping_status":"closed","template":"","meta":{"footnotes":""},"class_list":["post-780","page","type-page","status-publish","hentry"],"yoast_head":"<!-- This site is optimized with the Yoast SEO plugin v27.5 - https:\/\/yoast.com\/product\/yoast-seo-wordpress\/ -->\n<title>Footer - JIB Transformation et D\u00e9coupe de Mati\u00e8res Souples et Semi-rigides<\/title>\n<meta name=\"description\" content=\"JIB. Sp\u00e9cialis\u00e9e dans la d\u00e9coupe et la transformation de toutes mati\u00e8res souples, semi-rigides et alv\u00e9olaires\" \/>\n<meta name=\"robots\" content=\"index, follow, max-snippet:-1, max-image-preview:large, max-video-preview:-1\" \/>\n<link rel=\"canonical\" href=\"https:\/\/jib.fr\/en\/footer\/\" \/>\n<meta property=\"og:locale\" content=\"en_US\" \/>\n<meta property=\"og:type\" content=\"article\" \/>\n<meta property=\"og:title\" content=\"Footer - JIB Transformation et D\u00e9coupe de Mati\u00e8res Souples et Semi-rigides\" \/>\n<meta property=\"og:description\" content=\"JIB. Sp\u00e9cialis\u00e9e dans la d\u00e9coupe et la transformation de toutes mati\u00e8res souples, semi-rigides et alv\u00e9olaires\" \/>\n<meta property=\"og:url\" content=\"https:\/\/jib.fr\/en\/footer\/\" \/>\n<meta property=\"og:site_name\" content=\"JIB Transformation et D\u00e9coupe de Mati\u00e8res Souples et Semi-rigides\" \/>\n<meta property=\"article:modified_time\" content=\"2022-05-04T14:34:52+00:00\" \/>\n<meta property=\"og:image\" content=\"https:\/\/jib.fr\/wp-content\/uploads\/2019\/09\/icon-phone.png\" \/>\n<meta name=\"twitter:card\" content=\"summary_large_image\" \/>\n<meta name=\"twitter:label1\" content=\"Est. reading time\" \/>\n\t<meta name=\"twitter:data1\" content=\"1 minute\" \/>\n<script type=\"application\/ld+json\" class=\"yoast-schema-graph\">{\"@context\":\"https:\\\/\\\/schema.org\",\"@graph\":[{\"@type\":\"WebPage\",\"@id\":\"https:\\\/\\\/jib.fr\\\/en\\\/footer\\\/\",\"url\":\"https:\\\/\\\/jib.fr\\\/en\\\/footer\\\/\",\"name\":\"Footer - JIB Transformation et D\u00e9coupe de Mati\u00e8res Souples et Semi-rigides\",\"isPartOf\":{\"@id\":\"https:\\\/\\\/jib.fr\\\/#website\"},\"primaryImageOfPage\":{\"@id\":\"https:\\\/\\\/jib.fr\\\/en\\\/footer\\\/#primaryimage\"},\"image\":{\"@id\":\"https:\\\/\\\/jib.fr\\\/en\\\/footer\\\/#primaryimage\"},\"thumbnailUrl\":\"https:\\\/\\\/jib.fr\\\/wp-content\\\/uploads\\\/2019\\\/09\\\/icon-phone.png\",\"datePublished\":\"2019-09-28T14:19:57+00:00\",\"dateModified\":\"2022-05-04T14:34:52+00:00\",\"description\":\"JIB. Sp\u00e9cialis\u00e9e dans la d\u00e9coupe et la transformation de toutes mati\u00e8res souples, semi-rigides et alv\u00e9olaires\",\"breadcrumb\":{\"@id\":\"https:\\\/\\\/jib.fr\\\/en\\\/footer\\\/#breadcrumb\"},\"inLanguage\":\"en-US\",\"potentialAction\":[{\"@type\":\"ReadAction\",\"target\":[\"https:\\\/\\\/jib.fr\\\/en\\\/footer\\\/\"]}]},{\"@type\":\"ImageObject\",\"inLanguage\":\"en-US\",\"@id\":\"https:\\\/\\\/jib.fr\\\/en\\\/footer\\\/#primaryimage\",\"url\":\"https:\\\/\\\/jib.fr\\\/wp-content\\\/uploads\\\/2019\\\/09\\\/icon-phone.png\",\"contentUrl\":\"https:\\\/\\\/jib.fr\\\/wp-content\\\/uploads\\\/2019\\\/09\\\/icon-phone.png\"},{\"@type\":\"BreadcrumbList\",\"@id\":\"https:\\\/\\\/jib.fr\\\/en\\\/footer\\\/#breadcrumb\",\"itemListElement\":[{\"@type\":\"ListItem\",\"position\":1,\"name\":\"Home\",\"item\":\"https:\\\/\\\/jib.fr\\\/en\\\/\"},{\"@type\":\"ListItem\",\"position\":2,\"name\":\"Footer\"}]},{\"@type\":\"WebSite\",\"@id\":\"https:\\\/\\\/jib.fr\\\/#website\",\"url\":\"https:\\\/\\\/jib.fr\\\/\",\"name\":\"JIB Transformation et D\u00e9coupe de Mati\u00e8res Souples et Semi-rigides\",\"description\":\"D\u00e9coupe industrielle\",\"publisher\":{\"@id\":\"https:\\\/\\\/jib.fr\\\/#organization\"},\"alternateName\":\"JIB\",\"potentialAction\":[{\"@type\":\"SearchAction\",\"target\":{\"@type\":\"EntryPoint\",\"urlTemplate\":\"https:\\\/\\\/jib.fr\\\/?s={search_term_string}\"},\"query-input\":{\"@type\":\"PropertyValueSpecification\",\"valueRequired\":true,\"valueName\":\"search_term_string\"}}],\"inLanguage\":\"en-US\"},{\"@type\":\"Organization\",\"@id\":\"https:\\\/\\\/jib.fr\\\/#organization\",\"name\":\"JIB Transformation et D\u00e9coupe de Mati\u00e8res Souples et Semi-rigides\",\"alternateName\":\"JIB\",\"url\":\"https:\\\/\\\/jib.fr\\\/\",\"logo\":{\"@type\":\"ImageObject\",\"inLanguage\":\"en-US\",\"@id\":\"https:\\\/\\\/jib.fr\\\/#\\\/schema\\\/logo\\\/image\\\/\",\"url\":\"https:\\\/\\\/jib.fr\\\/wp-content\\\/uploads\\\/2022\\\/12\\\/cropped-cropped-logo-larger-300x195-1-1.png\",\"contentUrl\":\"https:\\\/\\\/jib.fr\\\/wp-content\\\/uploads\\\/2022\\\/12\\\/cropped-cropped-logo-larger-300x195-1-1.png\",\"width\":384,\"height\":250,\"caption\":\"JIB Transformation et D\u00e9coupe de Mati\u00e8res Souples et Semi-rigides\"},\"image\":{\"@id\":\"https:\\\/\\\/jib.fr\\\/#\\\/schema\\\/logo\\\/image\\\/\"}}]}<\/script>\n<!-- \/ Yoast SEO plugin. -->","yoast_head_json":{"title":"Footer - JIB Transformation et D\u00e9coupe de Mati\u00e8res Souples et Semi-rigides","description":"JIB. Sp\u00e9cialis\u00e9e dans la d\u00e9coupe et la transformation de toutes mati\u00e8res souples, semi-rigides et alv\u00e9olaires","robots":{"index":"index","follow":"follow","max-snippet":"max-snippet:-1","max-image-preview":"max-image-preview:large","max-video-preview":"max-video-preview:-1"},"canonical":"https:\/\/jib.fr\/en\/footer\/","og_locale":"en_US","og_type":"article","og_title":"Footer - JIB Transformation et D\u00e9coupe de Mati\u00e8res Souples et Semi-rigides","og_description":"JIB. Sp\u00e9cialis\u00e9e dans la d\u00e9coupe et la transformation de toutes mati\u00e8res souples, semi-rigides et alv\u00e9olaires","og_url":"https:\/\/jib.fr\/en\/footer\/","og_site_name":"JIB Transformation et D\u00e9coupe de Mati\u00e8res Souples et Semi-rigides","article_modified_time":"2022-05-04T14:34:52+00:00","og_image":[{"url":"https:\/\/jib.fr\/wp-content\/uploads\/2019\/09\/icon-phone.png","type":"","width":"","height":""}],"twitter_card":"summary_large_image","twitter_misc":{"Est. reading time":"1 minute"},"schema":{"@context":"https:\/\/schema.org","@graph":[{"@type":"WebPage","@id":"https:\/\/jib.fr\/en\/footer\/","url":"https:\/\/jib.fr\/en\/footer\/","name":"Footer - JIB Transformation et D\u00e9coupe de Mati\u00e8res Souples et Semi-rigides","isPartOf":{"@id":"https:\/\/jib.fr\/#website"},"primaryImageOfPage":{"@id":"https:\/\/jib.fr\/en\/footer\/#primaryimage"},"image":{"@id":"https:\/\/jib.fr\/en\/footer\/#primaryimage"},"thumbnailUrl":"https:\/\/jib.fr\/wp-content\/uploads\/2019\/09\/icon-phone.png","datePublished":"2019-09-28T14:19:57+00:00","dateModified":"2022-05-04T14:34:52+00:00","description":"JIB. Sp\u00e9cialis\u00e9e dans la d\u00e9coupe et la transformation de toutes mati\u00e8res souples, semi-rigides et alv\u00e9olaires","breadcrumb":{"@id":"https:\/\/jib.fr\/en\/footer\/#breadcrumb"},"inLanguage":"en-US","potentialAction":[{"@type":"ReadAction","target":["https:\/\/jib.fr\/en\/footer\/"]}]},{"@type":"ImageObject","inLanguage":"en-US","@id":"https:\/\/jib.fr\/en\/footer\/#primaryimage","url":"https:\/\/jib.fr\/wp-content\/uploads\/2019\/09\/icon-phone.png","contentUrl":"https:\/\/jib.fr\/wp-content\/uploads\/2019\/09\/icon-phone.png"},{"@type":"BreadcrumbList","@id":"https:\/\/jib.fr\/en\/footer\/#breadcrumb","itemListElement":[{"@type":"ListItem","position":1,"name":"Home","item":"https:\/\/jib.fr\/en\/"},{"@type":"ListItem","position":2,"name":"Footer"}]},{"@type":"WebSite","@id":"https:\/\/jib.fr\/#website","url":"https:\/\/jib.fr\/","name":"JIB Transformation et D\u00e9coupe de Mati\u00e8res Souples et Semi-rigides","description":"D\u00e9coupe industrielle","publisher":{"@id":"https:\/\/jib.fr\/#organization"},"alternateName":"JIB","potentialAction":[{"@type":"SearchAction","target":{"@type":"EntryPoint","urlTemplate":"https:\/\/jib.fr\/?s={search_term_string}"},"query-input":{"@type":"PropertyValueSpecification","valueRequired":true,"valueName":"search_term_string"}}],"inLanguage":"en-US"},{"@type":"Organization","@id":"https:\/\/jib.fr\/#organization","name":"JIB Transformation et D\u00e9coupe de Mati\u00e8res Souples et Semi-rigides","alternateName":"JIB","url":"https:\/\/jib.fr\/","logo":{"@type":"ImageObject","inLanguage":"en-US","@id":"https:\/\/jib.fr\/#\/schema\/logo\/image\/","url":"https:\/\/jib.fr\/wp-content\/uploads\/2022\/12\/cropped-cropped-logo-larger-300x195-1-1.png","contentUrl":"https:\/\/jib.fr\/wp-content\/uploads\/2022\/12\/cropped-cropped-logo-larger-300x195-1-1.png","width":384,"height":250,"caption":"JIB Transformation et D\u00e9coupe de Mati\u00e8res Souples et Semi-rigides"},"image":{"@id":"https:\/\/jib.fr\/#\/schema\/logo\/image\/"}}]}},"_links":{"self":[{"href":"https:\/\/jib.fr\/en\/wp-json\/wp\/v2\/pages\/780","targetHints":{"allow":["GET"]}}],"collection":[{"href":"https:\/\/jib.fr\/en\/wp-json\/wp\/v2\/pages"}],"about":[{"href":"https:\/\/jib.fr\/en\/wp-json\/wp\/v2\/types\/page"}],"author":[{"embeddable":true,"href":"https:\/\/jib.fr\/en\/wp-json\/wp\/v2\/users\/1"}],"replies":[{"embeddable":true,"href":"https:\/\/jib.fr\/en\/wp-json\/wp\/v2\/comments?post=780"}],"version-history":[{"count":1,"href":"https:\/\/jib.fr\/en\/wp-json\/wp\/v2\/pages\/780\/revisions"}],"predecessor-version":[{"id":781,"href":"https:\/\/jib.fr\/en\/wp-json\/wp\/v2\/pages\/780\/revisions\/781"}],"wp:attachment":[{"href":"https:\/\/jib.fr\/en\/wp-json\/wp\/v2\/media?parent=780"}],"curies":[{"name":"wp","href":"https:\/\/api.w.org\/{rel}","templated":true}]}}