


















{"id":778,"date":"2019-10-11T10:10:07","date_gmt":"2019-10-11T08:10:07","guid":{"rendered":"https:\/\/jib.fr\/?page_id=778"},"modified":"2022-05-04T16:32:00","modified_gmt":"2022-05-04T14:32:00","slug":"our-materials","status":"publish","type":"page","link":"https:\/\/jib.fr\/en\/our-materials\/","title":{"rendered":"Our Materials"},"content":{"rendered":"<div class=\"wpb-content-wrapper\"><p>[vc_row full_width=&#8221;stretch_row_content_no_spaces&#8221; el_class=&#8221;box-savo&#8221; css=&#8221;.vc_custom_1580891097407{background-image: url(https:\/\/jib.fr\/wp-content\/uploads\/2020\/02\/matiere-jib.jpg?id=421) !important;background-position: center !important;background-repeat: no-repeat !important;background-size: cover !important;}&#8221;][vc_column width=&#8221;5\/12&#8243;][\/vc_column][vc_column width=&#8221;7\/12&#8243; css=&#8221;.vc_custom_1569769975964{background-color: #4a5589 !important;}&#8221;][vc_column_text]<\/p>\n<h4><em>Discover our<\/em><\/h4>\n<h2>Materials<\/h2>\n<h3><\/h3>\n<div id=\"gtx-trans\" style=\"position: absolute; left: 121px; top: -6.66667px;\">\n<div class=\"gtx-trans-icon\"><\/div>\n<\/div>\n<p>[\/vc_column_text][\/vc_column][\/vc_row][vc_row el_class=&#8221;box-matieres&#8221;][vc_column][vc_raw_html]JTVCSklCX2NhdGVnb3J5X3BhZ2VPbmUlNUQ=[\/vc_raw_html][\/vc_column][\/vc_row]<\/p>\n<\/div>","protected":false},"excerpt":{"rendered":"<p>[vc_row full_width=&#8221;stretch_row_content_no_spaces&#8221; el_class=&#8221;box-savo&#8221; css=&#8221;.vc_custom_1580891097407{background-image: url(https:\/\/jib.fr\/wp-content\/uploads\/2020\/02\/matiere-jib.jpg?id=421) !important;background-position: center !important;background-repeat: no-repeat !important;background-size: cover !important;}&#8221;][vc_column width=&#8221;5\/12&#8243;][\/vc_column][vc_column width=&#8221;7\/12&#8243; css=&#8221;.vc_custom_1569769975964{background-color: #4a5589 !important;}&#8221;][vc_column_text] Discover our Materials [\/vc_column_text][\/vc_column][\/vc_row][vc_row el_class=&#8221;box-matieres&#8221;][vc_column][vc_raw_html]JTVCSklCX2NhdGVnb3J5X3BhZ2VPbmUlNUQ=[\/vc_raw_html][\/vc_column][\/vc_row]<\/p>\n","protected":false},"author":1,"featured_media":0,"parent":0,"menu_order":0,"comment_status":"closed","ping_status":"closed","template":"","meta":{"footnotes":""},"class_list":["post-778","page","type-page","status-publish","hentry"],"yoast_head":"<!-- This site is optimized with the Yoast SEO plugin v27.4 - https:\/\/yoast.com\/product\/yoast-seo-wordpress\/ -->\n<title>Our Materials - JIB Transformation et D\u00e9coupe de Mati\u00e8res Souples et Semi-rigides<\/title>\n<meta name=\"description\" content=\"JIB. Sp\u00e9cialis\u00e9e dans la d\u00e9coupe et la transformation de toutes mati\u00e8res souples, semi-rigides et alv\u00e9olaires\" \/>\n<meta name=\"robots\" content=\"index, follow, max-snippet:-1, max-image-preview:large, max-video-preview:-1\" \/>\n<link rel=\"canonical\" href=\"https:\/\/jib.fr\/en\/our-materials\/\" \/>\n<meta property=\"og:locale\" content=\"en_US\" \/>\n<meta property=\"og:type\" content=\"article\" \/>\n<meta property=\"og:title\" content=\"Our Materials - JIB Transformation et D\u00e9coupe de Mati\u00e8res Souples et Semi-rigides\" \/>\n<meta property=\"og:description\" content=\"JIB. Sp\u00e9cialis\u00e9e dans la d\u00e9coupe et la transformation de toutes mati\u00e8res souples, semi-rigides et alv\u00e9olaires\" \/>\n<meta property=\"og:url\" content=\"https:\/\/jib.fr\/en\/our-materials\/\" \/>\n<meta property=\"og:site_name\" content=\"JIB Transformation et D\u00e9coupe de Mati\u00e8res Souples et Semi-rigides\" \/>\n<meta property=\"article:modified_time\" content=\"2022-05-04T14:32:00+00:00\" \/>\n<meta property=\"og:image\" content=\"https:\/\/jib.fr\/wp-content\/uploads\/2023\/05\/cropped-logo-larger.png\" \/>\n\t<meta property=\"og:image:width\" content=\"384\" \/>\n\t<meta property=\"og:image:height\" content=\"250\" \/>\n\t<meta property=\"og:image:type\" content=\"image\/png\" \/>\n<meta name=\"twitter:card\" content=\"summary_large_image\" \/>\n<script type=\"application\/ld+json\" class=\"yoast-schema-graph\">{\"@context\":\"https:\\\/\\\/schema.org\",\"@graph\":[{\"@type\":\"WebPage\",\"@id\":\"https:\\\/\\\/jib.fr\\\/en\\\/our-materials\\\/\",\"url\":\"https:\\\/\\\/jib.fr\\\/en\\\/our-materials\\\/\",\"name\":\"Our Materials - JIB Transformation et D\u00e9coupe de Mati\u00e8res Souples et Semi-rigides\",\"isPartOf\":{\"@id\":\"https:\\\/\\\/jib.fr\\\/#website\"},\"datePublished\":\"2019-10-11T08:10:07+00:00\",\"dateModified\":\"2022-05-04T14:32:00+00:00\",\"description\":\"JIB. Sp\u00e9cialis\u00e9e dans la d\u00e9coupe et la transformation de toutes mati\u00e8res souples, semi-rigides et alv\u00e9olaires\",\"breadcrumb\":{\"@id\":\"https:\\\/\\\/jib.fr\\\/en\\\/our-materials\\\/#breadcrumb\"},\"inLanguage\":\"en-US\",\"potentialAction\":[{\"@type\":\"ReadAction\",\"target\":[\"https:\\\/\\\/jib.fr\\\/en\\\/our-materials\\\/\"]}]},{\"@type\":\"BreadcrumbList\",\"@id\":\"https:\\\/\\\/jib.fr\\\/en\\\/our-materials\\\/#breadcrumb\",\"itemListElement\":[{\"@type\":\"ListItem\",\"position\":1,\"name\":\"Home\",\"item\":\"https:\\\/\\\/jib.fr\\\/en\\\/\"},{\"@type\":\"ListItem\",\"position\":2,\"name\":\"Our Materials\"}]},{\"@type\":\"WebSite\",\"@id\":\"https:\\\/\\\/jib.fr\\\/#website\",\"url\":\"https:\\\/\\\/jib.fr\\\/\",\"name\":\"JIB Transformation et D\u00e9coupe de Mati\u00e8res Souples et Semi-rigides\",\"description\":\"D\u00e9coupe industrielle\",\"publisher\":{\"@id\":\"https:\\\/\\\/jib.fr\\\/#organization\"},\"alternateName\":\"JIB\",\"potentialAction\":[{\"@type\":\"SearchAction\",\"target\":{\"@type\":\"EntryPoint\",\"urlTemplate\":\"https:\\\/\\\/jib.fr\\\/?s={search_term_string}\"},\"query-input\":{\"@type\":\"PropertyValueSpecification\",\"valueRequired\":true,\"valueName\":\"search_term_string\"}}],\"inLanguage\":\"en-US\"},{\"@type\":\"Organization\",\"@id\":\"https:\\\/\\\/jib.fr\\\/#organization\",\"name\":\"JIB Transformation et D\u00e9coupe de Mati\u00e8res Souples et Semi-rigides\",\"alternateName\":\"JIB\",\"url\":\"https:\\\/\\\/jib.fr\\\/\",\"logo\":{\"@type\":\"ImageObject\",\"inLanguage\":\"en-US\",\"@id\":\"https:\\\/\\\/jib.fr\\\/#\\\/schema\\\/logo\\\/image\\\/\",\"url\":\"https:\\\/\\\/jib.fr\\\/wp-content\\\/uploads\\\/2022\\\/12\\\/cropped-cropped-logo-larger-300x195-1-1.png\",\"contentUrl\":\"https:\\\/\\\/jib.fr\\\/wp-content\\\/uploads\\\/2022\\\/12\\\/cropped-cropped-logo-larger-300x195-1-1.png\",\"width\":384,\"height\":250,\"caption\":\"JIB Transformation et D\u00e9coupe de Mati\u00e8res Souples et Semi-rigides\"},\"image\":{\"@id\":\"https:\\\/\\\/jib.fr\\\/#\\\/schema\\\/logo\\\/image\\\/\"}}]}<\/script>\n<!-- \/ Yoast SEO plugin. -->","yoast_head_json":{"title":"Our Materials - JIB Transformation et D\u00e9coupe de Mati\u00e8res Souples et Semi-rigides","description":"JIB. Sp\u00e9cialis\u00e9e dans la d\u00e9coupe et la transformation de toutes mati\u00e8res souples, semi-rigides et alv\u00e9olaires","robots":{"index":"index","follow":"follow","max-snippet":"max-snippet:-1","max-image-preview":"max-image-preview:large","max-video-preview":"max-video-preview:-1"},"canonical":"https:\/\/jib.fr\/en\/our-materials\/","og_locale":"en_US","og_type":"article","og_title":"Our Materials - JIB Transformation et D\u00e9coupe de Mati\u00e8res Souples et Semi-rigides","og_description":"JIB. Sp\u00e9cialis\u00e9e dans la d\u00e9coupe et la transformation de toutes mati\u00e8res souples, semi-rigides et alv\u00e9olaires","og_url":"https:\/\/jib.fr\/en\/our-materials\/","og_site_name":"JIB Transformation et D\u00e9coupe de Mati\u00e8res Souples et Semi-rigides","article_modified_time":"2022-05-04T14:32:00+00:00","og_image":[{"width":384,"height":250,"url":"https:\/\/jib.fr\/wp-content\/uploads\/2023\/05\/cropped-logo-larger.png","type":"image\/png"}],"twitter_card":"summary_large_image","schema":{"@context":"https:\/\/schema.org","@graph":[{"@type":"WebPage","@id":"https:\/\/jib.fr\/en\/our-materials\/","url":"https:\/\/jib.fr\/en\/our-materials\/","name":"Our Materials - JIB Transformation et D\u00e9coupe de Mati\u00e8res Souples et Semi-rigides","isPartOf":{"@id":"https:\/\/jib.fr\/#website"},"datePublished":"2019-10-11T08:10:07+00:00","dateModified":"2022-05-04T14:32:00+00:00","description":"JIB. Sp\u00e9cialis\u00e9e dans la d\u00e9coupe et la transformation de toutes mati\u00e8res souples, semi-rigides et alv\u00e9olaires","breadcrumb":{"@id":"https:\/\/jib.fr\/en\/our-materials\/#breadcrumb"},"inLanguage":"en-US","potentialAction":[{"@type":"ReadAction","target":["https:\/\/jib.fr\/en\/our-materials\/"]}]},{"@type":"BreadcrumbList","@id":"https:\/\/jib.fr\/en\/our-materials\/#breadcrumb","itemListElement":[{"@type":"ListItem","position":1,"name":"Home","item":"https:\/\/jib.fr\/en\/"},{"@type":"ListItem","position":2,"name":"Our Materials"}]},{"@type":"WebSite","@id":"https:\/\/jib.fr\/#website","url":"https:\/\/jib.fr\/","name":"JIB Transformation et D\u00e9coupe de Mati\u00e8res Souples et Semi-rigides","description":"D\u00e9coupe industrielle","publisher":{"@id":"https:\/\/jib.fr\/#organization"},"alternateName":"JIB","potentialAction":[{"@type":"SearchAction","target":{"@type":"EntryPoint","urlTemplate":"https:\/\/jib.fr\/?s={search_term_string}"},"query-input":{"@type":"PropertyValueSpecification","valueRequired":true,"valueName":"search_term_string"}}],"inLanguage":"en-US"},{"@type":"Organization","@id":"https:\/\/jib.fr\/#organization","name":"JIB Transformation et D\u00e9coupe de Mati\u00e8res Souples et Semi-rigides","alternateName":"JIB","url":"https:\/\/jib.fr\/","logo":{"@type":"ImageObject","inLanguage":"en-US","@id":"https:\/\/jib.fr\/#\/schema\/logo\/image\/","url":"https:\/\/jib.fr\/wp-content\/uploads\/2022\/12\/cropped-cropped-logo-larger-300x195-1-1.png","contentUrl":"https:\/\/jib.fr\/wp-content\/uploads\/2022\/12\/cropped-cropped-logo-larger-300x195-1-1.png","width":384,"height":250,"caption":"JIB Transformation et D\u00e9coupe de Mati\u00e8res Souples et Semi-rigides"},"image":{"@id":"https:\/\/jib.fr\/#\/schema\/logo\/image\/"}}]}},"_links":{"self":[{"href":"https:\/\/jib.fr\/en\/wp-json\/wp\/v2\/pages\/778","targetHints":{"allow":["GET"]}}],"collection":[{"href":"https:\/\/jib.fr\/en\/wp-json\/wp\/v2\/pages"}],"about":[{"href":"https:\/\/jib.fr\/en\/wp-json\/wp\/v2\/types\/page"}],"author":[{"embeddable":true,"href":"https:\/\/jib.fr\/en\/wp-json\/wp\/v2\/users\/1"}],"replies":[{"embeddable":true,"href":"https:\/\/jib.fr\/en\/wp-json\/wp\/v2\/comments?post=778"}],"version-history":[{"count":1,"href":"https:\/\/jib.fr\/en\/wp-json\/wp\/v2\/pages\/778\/revisions"}],"predecessor-version":[{"id":779,"href":"https:\/\/jib.fr\/en\/wp-json\/wp\/v2\/pages\/778\/revisions\/779"}],"wp:attachment":[{"href":"https:\/\/jib.fr\/en\/wp-json\/wp\/v2\/media?parent=778"}],"curies":[{"name":"wp","href":"https:\/\/api.w.org\/{rel}","templated":true}]}}