


















{"id":775,"date":"2019-10-17T16:46:01","date_gmt":"2019-10-17T14:46:01","guid":{"rendered":"https:\/\/jib.fr\/?page_id=775"},"modified":"2022-05-04T17:15:52","modified_gmt":"2022-05-04T15:15:52","slug":"contact","status":"publish","type":"page","link":"https:\/\/jib.fr\/en\/contact\/","title":{"rendered":"Contact"},"content":{"rendered":"<div class=\"wpb-content-wrapper\"><p>[vc_row full_width=&#8221;stretch_row_content_no_spaces&#8221; el_class=&#8221;box-bannerblog&#8221; css=&#8221;.vc_custom_1571321754171{background-position: center !important;background-repeat: no-repeat !important;background-size: cover !important;}&#8221;][vc_column width=&#8221;7\/12&#8243;][vc_single_image image=&#8221;474&#8243; img_size=&#8221;full&#8221;][\/vc_column][vc_column width=&#8221;5\/12&#8243;][vc_column_text]<\/p>\n<h2>contact us<\/h2>\n<p>[\/vc_column_text][\/vc_column][\/vc_row][vc_row el_class=&#8221;box-contact&#8221;][vc_column width=&#8221;1\/2&#8243;]\n<div class=\"wpcf7 no-js\" id=\"wpcf7-f777-o1\" lang=\"fr-FR\" dir=\"ltr\" data-wpcf7-id=\"777\">\n<div class=\"screen-reader-response\"><p role=\"status\" aria-live=\"polite\" aria-atomic=\"true\"><\/p> <ul><\/ul><\/div>\n<form action=\"\/en\/wp-json\/wp\/v2\/pages\/775#wpcf7-f777-o1\" method=\"post\" class=\"wpcf7-form init\" aria-label=\"Formulaire de contact\" novalidate=\"novalidate\" data-status=\"init\">\n<fieldset class=\"hidden-fields-container\"><input type=\"hidden\" name=\"_wpcf7\" value=\"777\" \/><input type=\"hidden\" name=\"_wpcf7_version\" value=\"6.1.5\" \/><input type=\"hidden\" name=\"_wpcf7_locale\" value=\"fr_FR\" \/><input type=\"hidden\" name=\"_wpcf7_unit_tag\" value=\"wpcf7-f777-o1\" \/><input type=\"hidden\" name=\"_wpcf7_container_post\" value=\"0\" \/><input type=\"hidden\" name=\"_wpcf7_posted_data_hash\" value=\"\" \/><input type=\"hidden\" name=\"_wpcf7_recaptcha_response\" value=\"\" \/>\n<\/fieldset>\n<div class=\"vc_row\">\n\t<div class=\"vc_col-md-6\">\n\t\t<p><span class=\"wpcf7-form-control-wrap\" data-name=\"text-598\"><input size=\"40\" maxlength=\"400\" class=\"wpcf7-form-control wpcf7-text wpcf7-validates-as-required\" aria-required=\"true\" aria-invalid=\"false\" placeholder=\"Last name\/First Name ...\" value=\"\" type=\"text\" name=\"text-598\" \/><\/span>\n\t\t<\/p>\n\t<\/div>\n\t<div class=\"vc_col-md-6\">\n\t\t<p><span class=\"wpcf7-form-control-wrap\" data-name=\"text-599\"><input size=\"40\" maxlength=\"400\" class=\"wpcf7-form-control wpcf7-text wpcf7-validates-as-required\" aria-required=\"true\" aria-invalid=\"false\" placeholder=\"Social reason ...\" value=\"\" type=\"text\" name=\"text-599\" \/><\/span>\n\t\t<\/p>\n\t<\/div>\n<\/div>\n<div class=\"vc_row\">\n\t<div class=\"vc_col-md-6\">\n\t\t<p><span class=\"wpcf7-form-control-wrap\" data-name=\"tel-132\"><input size=\"40\" maxlength=\"400\" class=\"wpcf7-form-control wpcf7-tel wpcf7-text wpcf7-validates-as-tel\" aria-invalid=\"false\" placeholder=\"Phone ...\" value=\"\" type=\"tel\" name=\"tel-132\" \/><\/span>\n\t\t<\/p>\n\t<\/div>\n\t<div class=\"vc_col-md-6\">\n\t\t<p><span class=\"wpcf7-form-control-wrap\" data-name=\"email-72\"><input size=\"40\" maxlength=\"400\" class=\"wpcf7-form-control wpcf7-email wpcf7-text wpcf7-validates-as-email\" aria-invalid=\"false\" placeholder=\"Mail ...\" value=\"\" type=\"email\" name=\"email-72\" \/><\/span>\n\t\t<\/p>\n\t<\/div>\n<\/div>\n<div class=\"vc_row\">\n\t<div class=\"vc_col-md-12\">\n\t\t<p><span class=\"wpcf7-form-control-wrap\" data-name=\"textarea-170\"><textarea cols=\"40\" rows=\"10\" maxlength=\"2000\" class=\"wpcf7-form-control wpcf7-textarea wpcf7-validates-as-required\" aria-required=\"true\" aria-invalid=\"false\" placeholder=\"Message ...\" name=\"textarea-170\"><\/textarea><\/span>\n\t\t<\/p>\n\t<\/div>\n<\/div>\n<div class=\"vc_row\">\n\t<div class=\"vc_col-md-12\">\n\t\t<p><span class=\"wpcf7-form-control-wrap\" data-name=\"checkbox-note\"><span class=\"wpcf7-form-control wpcf7-checkbox wpcf7-validates-as-required\"><span class=\"wpcf7-list-item first last\"><span class=\"wpcf7-list-item-label\">By submitting this form, I accept that the information entered will be used as part of my request and the commercial relationship that may result from it.<\/span><input type=\"checkbox\" name=\"checkbox-note[]\" value=\"By submitting this form, I accept that the information entered will be used as part of my request and the commercial relationship that may result from it.\" \/><\/span><\/span><\/span>\n\t\t<\/p>\n\t<\/div>\n<\/div>\n<div class=\"vc_row\">\n\t<div class=\"vc_col-md-12\">\n\t\t<p><input class=\"wpcf7-form-control wpcf7-submit has-spinner\" type=\"submit\" value=\"SEND\" \/>\n\t\t<\/p>\n\t<\/div>\n<\/div><p style=\"display: none !important;\" class=\"akismet-fields-container\" data-prefix=\"_wpcf7_ak_\"><label>&#916;<textarea name=\"_wpcf7_ak_hp_textarea\" cols=\"45\" rows=\"8\" maxlength=\"100\"><\/textarea><\/label><input type=\"hidden\" id=\"ak_js_1\" name=\"_wpcf7_ak_js\" value=\"91\"\/><script>document.getElementById( \"ak_js_1\" ).setAttribute( \"value\", ( new Date() ).getTime() );<\/script><\/p><div class=\"wpcf7-response-output\" aria-hidden=\"true\"><\/div>\n<\/form>\n<\/div>\n[\/vc_column][vc_column width=&#8221;1\/2&#8243;][vc_column_text]<\/p>\n<ul>\n<li>\n<h4><img loading=\"lazy\" decoding=\"async\" class=\"alignnone size-full wp-image-172\" src=\"https:\/\/jib.fr\/wp-content\/uploads\/2019\/10\/i-1-1.png\" alt=\"\" width=\"44\" height=\"44\" \/>Phone<\/h4>\n<p>+33(0)1 34 45 24 24<\/li>\n<li>\n<h4><img loading=\"lazy\" decoding=\"async\" class=\"alignnone size-full wp-image-173\" src=\"https:\/\/jib.fr\/wp-content\/uploads\/2019\/10\/i-2-1.png\" alt=\"\" width=\"44\" height=\"44\" \/>Fax<\/h4>\n<p>+33(0)1 34 45 24 20<\/li>\n<li>\n<h4><img loading=\"lazy\" decoding=\"async\" class=\"alignnone size-full wp-image-174\" src=\"https:\/\/jib.fr\/wp-content\/uploads\/2019\/10\/i-3-1.png\" alt=\"\" width=\"44\" height=\"44\" \/>Mail<\/h4>\n<p>site@jib.fr<\/li>\n<li>\n<h4><img loading=\"lazy\" decoding=\"async\" class=\"alignnone size-full wp-image-175\" src=\"https:\/\/jib.fr\/wp-content\/uploads\/2019\/10\/i-4-1.png\" alt=\"\" width=\"44\" height=\"44\" \/>Address<\/h4>\n<p>Parc d\u2019Activit\u00e9s les Doucettes,<br \/>\n10-12 rue des Gaillards,<br \/>\n95140 Garges-l\u00e8s-Gonesse cedex<br \/>\nFrance<\/li>\n<\/ul>\n<p>[\/vc_column_text][\/vc_column][\/vc_row][vc_row el_class=&#8221;box-maps&#8221;][vc_column][vc_gmaps link=&#8221;#E-8_JTNDaWZyYW1lJTIwc3JjJTNEJTIyaHR0cHMlM0ElMkYlMkZ3d3cuZ29vZ2xlLmNvbSUyRm1hcHMlMkZlbWJlZCUzRnBiJTNEJTIxMW0xOCUyMTFtMTIlMjExbTMlMjExZDQxOTQwLjYzMzQzNzIzOTAwNSUyMTJkMi4zMzI5MjE0NDQ5OTAxMjklMjEzZDQ4LjkyODkyNTgyMzI4Mzg2JTIxMm0zJTIxMWYwJTIxMmYwJTIxM2YwJTIxM20yJTIxMWkxMDI0JTIxMmk3NjglMjE0ZjEzLjElMjEzbTMlMjExbTIlMjExczB4NDdlNjZiYzc4OTA1YTI5MyUyNTNBMHg0MDZiMDc1ZTc1MGEyMjklMjEyc0ouaS5iJTI1MjBTYSUyMTVlMCUyMTNtMiUyMTFzZnIlMjEyc2ZyJTIxNHYxNTcxMzg0NDA2MDc0JTIxNW0yJTIxMXNmciUyMTJzZnIlMjIlMjB3aWR0aCUzRCUyMjYwMCUyMiUyMGhlaWdodCUzRCUyMjQ1MCUyMiUyMGZyYW1lYm9yZGVyJTNEJTIyMCUyMiUyMHN0eWxlJTNEJTIyYm9yZGVyJTNBMCUzQiUyMiUyMGFsbG93ZnVsbHNjcmVlbiUzRCUyMiUyMiUzRSUzQyUyRmlmcmFtZSUzRQ==&#8221;][\/vc_column][\/vc_row]<\/p>\n<\/div>","protected":false},"excerpt":{"rendered":"<p>[vc_row full_width=&#8221;stretch_row_content_no_spaces&#8221; el_class=&#8221;box-bannerblog&#8221; css=&#8221;.vc_custom_1571321754171{background-position: center !important;background-repeat: no-repeat !important;background-size: cover !important;}&#8221;][vc_column width=&#8221;7\/12&#8243;][vc_single_image image=&#8221;474&#8243; img_size=&#8221;full&#8221;][\/vc_column][vc_column width=&#8221;5\/12&#8243;][vc_column_text] contact us [\/vc_column_text][\/vc_column][\/vc_row][vc_row el_class=&#8221;box-contact&#8221;][vc_column width=&#8221;1\/2&#8243;][\/vc_column][vc_column width=&#8221;1\/2&#8243;][vc_column_text] Phone +33(0)1 34 45 24 24 Fax +33(0)1 34 45 24 20 Mail site@jib.fr Address Parc d\u2019Activit\u00e9s les Doucettes, 10-12 rue des Gaillards, 95140 Garges-l\u00e8s-Gonesse cedex France [\/vc_column_text][\/vc_column][\/vc_row][vc_row el_class=&#8221;box-maps&#8221;][vc_column][vc_gmaps link=&#8221;#E-8_JTNDaWZyYW1lJTIwc3JjJTNEJTIyaHR0cHMlM0ElMkYlMkZ3d3cuZ29vZ2xlLmNvbSUyRm1hcHMlMkZlbWJlZCUzRnBiJTNEJTIxMW0xOCUyMTFtMTIlMjExbTMlMjExZDQxOTQwLjYzMzQzNzIzOTAwNSUyMTJkMi4zMzI5MjE0NDQ5OTAxMjklMjEzZDQ4LjkyODkyNTgyMzI4Mzg2JTIxMm0zJTIxMWYwJTIxMmYwJTIxM2YwJTIxM20yJTIxMWkxMDI0JTIxMmk3NjglMjE0ZjEzLjElMjEzbTMlMjExbTIlMjExczB4NDdlNjZiYzc4OTA1YTI5MyUyNTNBMHg0MDZiMDc1ZTc1MGEyMjklMjEyc0ouaS5iJTI1MjBTYSUyMTVlMCUyMTNtMiUyMTFzZnIlMjEyc2ZyJTIxNHYxNTcxMzg0NDA2MDc0JTIxNW0yJTIxMXNmciUyMTJzZnIlMjIlMjB3aWR0aCUzRCUyMjYwMCUyMiUyMGhlaWdodCUzRCUyMjQ1MCUyMiUyMGZyYW1lYm9yZGVyJTNEJTIyMCUyMiUyMHN0eWxlJTNEJTIyYm9yZGVyJTNBMCUzQiUyMiUyMGFsbG93ZnVsbHNjcmVlbiUzRCUyMiUyMiUzRSUzQyUyRmlmcmFtZSUzRQ==&#8221;][\/vc_column][\/vc_row]<\/p>\n","protected":false},"author":1,"featured_media":0,"parent":0,"menu_order":0,"comment_status":"closed","ping_status":"closed","template":"","meta":{"footnotes":""},"class_list":["post-775","page","type-page","status-publish","hentry"],"yoast_head":"<!-- This site is optimized with the Yoast SEO plugin v27.4 - https:\/\/yoast.com\/product\/yoast-seo-wordpress\/ -->\n<title>Contact - JIB Transformation et D\u00e9coupe de Mati\u00e8res Souples et Semi-rigides<\/title>\n<meta name=\"description\" content=\"JIB. Sp\u00e9cialis\u00e9e dans la d\u00e9coupe et la transformation de toutes mati\u00e8res souples, semi-rigides et alv\u00e9olaires\" \/>\n<meta name=\"robots\" content=\"index, follow, max-snippet:-1, max-image-preview:large, max-video-preview:-1\" \/>\n<link rel=\"canonical\" href=\"https:\/\/jib.fr\/en\/contact\/\" \/>\n<meta property=\"og:locale\" content=\"en_US\" \/>\n<meta property=\"og:type\" content=\"article\" \/>\n<meta property=\"og:title\" content=\"Contact - JIB Transformation et D\u00e9coupe de Mati\u00e8res Souples et Semi-rigides\" \/>\n<meta property=\"og:description\" content=\"JIB. Sp\u00e9cialis\u00e9e dans la d\u00e9coupe et la transformation de toutes mati\u00e8res souples, semi-rigides et alv\u00e9olaires\" \/>\n<meta property=\"og:url\" content=\"https:\/\/jib.fr\/en\/contact\/\" \/>\n<meta property=\"og:site_name\" content=\"JIB Transformation et D\u00e9coupe de Mati\u00e8res Souples et Semi-rigides\" \/>\n<meta property=\"article:modified_time\" content=\"2022-05-04T15:15:52+00:00\" \/>\n<meta property=\"og:image\" content=\"https:\/\/jib.fr\/wp-content\/uploads\/2019\/10\/i-1-1.png\" \/>\n<meta name=\"twitter:card\" content=\"summary_large_image\" \/>\n<meta name=\"twitter:label1\" content=\"Est. reading time\" \/>\n\t<meta name=\"twitter:data1\" content=\"1 minute\" \/>\n<script type=\"application\/ld+json\" class=\"yoast-schema-graph\">{\"@context\":\"https:\\\/\\\/schema.org\",\"@graph\":[{\"@type\":\"WebPage\",\"@id\":\"https:\\\/\\\/jib.fr\\\/en\\\/contact\\\/\",\"url\":\"https:\\\/\\\/jib.fr\\\/en\\\/contact\\\/\",\"name\":\"Contact - JIB Transformation et D\u00e9coupe de Mati\u00e8res Souples et Semi-rigides\",\"isPartOf\":{\"@id\":\"https:\\\/\\\/jib.fr\\\/#website\"},\"primaryImageOfPage\":{\"@id\":\"https:\\\/\\\/jib.fr\\\/en\\\/contact\\\/#primaryimage\"},\"image\":{\"@id\":\"https:\\\/\\\/jib.fr\\\/en\\\/contact\\\/#primaryimage\"},\"thumbnailUrl\":\"https:\\\/\\\/jib.fr\\\/wp-content\\\/uploads\\\/2019\\\/10\\\/i-1-1.png\",\"datePublished\":\"2019-10-17T14:46:01+00:00\",\"dateModified\":\"2022-05-04T15:15:52+00:00\",\"description\":\"JIB. Sp\u00e9cialis\u00e9e dans la d\u00e9coupe et la transformation de toutes mati\u00e8res souples, semi-rigides et alv\u00e9olaires\",\"breadcrumb\":{\"@id\":\"https:\\\/\\\/jib.fr\\\/en\\\/contact\\\/#breadcrumb\"},\"inLanguage\":\"en-US\",\"potentialAction\":[{\"@type\":\"ReadAction\",\"target\":[\"https:\\\/\\\/jib.fr\\\/en\\\/contact\\\/\"]}]},{\"@type\":\"ImageObject\",\"inLanguage\":\"en-US\",\"@id\":\"https:\\\/\\\/jib.fr\\\/en\\\/contact\\\/#primaryimage\",\"url\":\"https:\\\/\\\/jib.fr\\\/wp-content\\\/uploads\\\/2019\\\/10\\\/i-1-1.png\",\"contentUrl\":\"https:\\\/\\\/jib.fr\\\/wp-content\\\/uploads\\\/2019\\\/10\\\/i-1-1.png\"},{\"@type\":\"BreadcrumbList\",\"@id\":\"https:\\\/\\\/jib.fr\\\/en\\\/contact\\\/#breadcrumb\",\"itemListElement\":[{\"@type\":\"ListItem\",\"position\":1,\"name\":\"Home\",\"item\":\"https:\\\/\\\/jib.fr\\\/en\\\/\"},{\"@type\":\"ListItem\",\"position\":2,\"name\":\"Contact\"}]},{\"@type\":\"WebSite\",\"@id\":\"https:\\\/\\\/jib.fr\\\/#website\",\"url\":\"https:\\\/\\\/jib.fr\\\/\",\"name\":\"JIB Transformation et D\u00e9coupe de Mati\u00e8res Souples et Semi-rigides\",\"description\":\"D\u00e9coupe industrielle\",\"publisher\":{\"@id\":\"https:\\\/\\\/jib.fr\\\/#organization\"},\"alternateName\":\"JIB\",\"potentialAction\":[{\"@type\":\"SearchAction\",\"target\":{\"@type\":\"EntryPoint\",\"urlTemplate\":\"https:\\\/\\\/jib.fr\\\/?s={search_term_string}\"},\"query-input\":{\"@type\":\"PropertyValueSpecification\",\"valueRequired\":true,\"valueName\":\"search_term_string\"}}],\"inLanguage\":\"en-US\"},{\"@type\":\"Organization\",\"@id\":\"https:\\\/\\\/jib.fr\\\/#organization\",\"name\":\"JIB Transformation et D\u00e9coupe de Mati\u00e8res Souples et Semi-rigides\",\"alternateName\":\"JIB\",\"url\":\"https:\\\/\\\/jib.fr\\\/\",\"logo\":{\"@type\":\"ImageObject\",\"inLanguage\":\"en-US\",\"@id\":\"https:\\\/\\\/jib.fr\\\/#\\\/schema\\\/logo\\\/image\\\/\",\"url\":\"https:\\\/\\\/jib.fr\\\/wp-content\\\/uploads\\\/2022\\\/12\\\/cropped-cropped-logo-larger-300x195-1-1.png\",\"contentUrl\":\"https:\\\/\\\/jib.fr\\\/wp-content\\\/uploads\\\/2022\\\/12\\\/cropped-cropped-logo-larger-300x195-1-1.png\",\"width\":384,\"height\":250,\"caption\":\"JIB Transformation et D\u00e9coupe de Mati\u00e8res Souples et Semi-rigides\"},\"image\":{\"@id\":\"https:\\\/\\\/jib.fr\\\/#\\\/schema\\\/logo\\\/image\\\/\"}}]}<\/script>\n<!-- \/ Yoast SEO plugin. -->","yoast_head_json":{"title":"Contact - JIB Transformation et D\u00e9coupe de Mati\u00e8res Souples et Semi-rigides","description":"JIB. Sp\u00e9cialis\u00e9e dans la d\u00e9coupe et la transformation de toutes mati\u00e8res souples, semi-rigides et alv\u00e9olaires","robots":{"index":"index","follow":"follow","max-snippet":"max-snippet:-1","max-image-preview":"max-image-preview:large","max-video-preview":"max-video-preview:-1"},"canonical":"https:\/\/jib.fr\/en\/contact\/","og_locale":"en_US","og_type":"article","og_title":"Contact - JIB Transformation et D\u00e9coupe de Mati\u00e8res Souples et Semi-rigides","og_description":"JIB. Sp\u00e9cialis\u00e9e dans la d\u00e9coupe et la transformation de toutes mati\u00e8res souples, semi-rigides et alv\u00e9olaires","og_url":"https:\/\/jib.fr\/en\/contact\/","og_site_name":"JIB Transformation et D\u00e9coupe de Mati\u00e8res Souples et Semi-rigides","article_modified_time":"2022-05-04T15:15:52+00:00","og_image":[{"url":"https:\/\/jib.fr\/wp-content\/uploads\/2019\/10\/i-1-1.png","type":"","width":"","height":""}],"twitter_card":"summary_large_image","twitter_misc":{"Est. reading time":"1 minute"},"schema":{"@context":"https:\/\/schema.org","@graph":[{"@type":"WebPage","@id":"https:\/\/jib.fr\/en\/contact\/","url":"https:\/\/jib.fr\/en\/contact\/","name":"Contact - JIB Transformation et D\u00e9coupe de Mati\u00e8res Souples et Semi-rigides","isPartOf":{"@id":"https:\/\/jib.fr\/#website"},"primaryImageOfPage":{"@id":"https:\/\/jib.fr\/en\/contact\/#primaryimage"},"image":{"@id":"https:\/\/jib.fr\/en\/contact\/#primaryimage"},"thumbnailUrl":"https:\/\/jib.fr\/wp-content\/uploads\/2019\/10\/i-1-1.png","datePublished":"2019-10-17T14:46:01+00:00","dateModified":"2022-05-04T15:15:52+00:00","description":"JIB. Sp\u00e9cialis\u00e9e dans la d\u00e9coupe et la transformation de toutes mati\u00e8res souples, semi-rigides et alv\u00e9olaires","breadcrumb":{"@id":"https:\/\/jib.fr\/en\/contact\/#breadcrumb"},"inLanguage":"en-US","potentialAction":[{"@type":"ReadAction","target":["https:\/\/jib.fr\/en\/contact\/"]}]},{"@type":"ImageObject","inLanguage":"en-US","@id":"https:\/\/jib.fr\/en\/contact\/#primaryimage","url":"https:\/\/jib.fr\/wp-content\/uploads\/2019\/10\/i-1-1.png","contentUrl":"https:\/\/jib.fr\/wp-content\/uploads\/2019\/10\/i-1-1.png"},{"@type":"BreadcrumbList","@id":"https:\/\/jib.fr\/en\/contact\/#breadcrumb","itemListElement":[{"@type":"ListItem","position":1,"name":"Home","item":"https:\/\/jib.fr\/en\/"},{"@type":"ListItem","position":2,"name":"Contact"}]},{"@type":"WebSite","@id":"https:\/\/jib.fr\/#website","url":"https:\/\/jib.fr\/","name":"JIB Transformation et D\u00e9coupe de Mati\u00e8res Souples et Semi-rigides","description":"D\u00e9coupe industrielle","publisher":{"@id":"https:\/\/jib.fr\/#organization"},"alternateName":"JIB","potentialAction":[{"@type":"SearchAction","target":{"@type":"EntryPoint","urlTemplate":"https:\/\/jib.fr\/?s={search_term_string}"},"query-input":{"@type":"PropertyValueSpecification","valueRequired":true,"valueName":"search_term_string"}}],"inLanguage":"en-US"},{"@type":"Organization","@id":"https:\/\/jib.fr\/#organization","name":"JIB Transformation et D\u00e9coupe de Mati\u00e8res Souples et Semi-rigides","alternateName":"JIB","url":"https:\/\/jib.fr\/","logo":{"@type":"ImageObject","inLanguage":"en-US","@id":"https:\/\/jib.fr\/#\/schema\/logo\/image\/","url":"https:\/\/jib.fr\/wp-content\/uploads\/2022\/12\/cropped-cropped-logo-larger-300x195-1-1.png","contentUrl":"https:\/\/jib.fr\/wp-content\/uploads\/2022\/12\/cropped-cropped-logo-larger-300x195-1-1.png","width":384,"height":250,"caption":"JIB Transformation et D\u00e9coupe de Mati\u00e8res Souples et Semi-rigides"},"image":{"@id":"https:\/\/jib.fr\/#\/schema\/logo\/image\/"}}]}},"_links":{"self":[{"href":"https:\/\/jib.fr\/en\/wp-json\/wp\/v2\/pages\/775","targetHints":{"allow":["GET"]}}],"collection":[{"href":"https:\/\/jib.fr\/en\/wp-json\/wp\/v2\/pages"}],"about":[{"href":"https:\/\/jib.fr\/en\/wp-json\/wp\/v2\/types\/page"}],"author":[{"embeddable":true,"href":"https:\/\/jib.fr\/en\/wp-json\/wp\/v2\/users\/1"}],"replies":[{"embeddable":true,"href":"https:\/\/jib.fr\/en\/wp-json\/wp\/v2\/comments?post=775"}],"version-history":[{"count":2,"href":"https:\/\/jib.fr\/en\/wp-json\/wp\/v2\/pages\/775\/revisions"}],"predecessor-version":[{"id":813,"href":"https:\/\/jib.fr\/en\/wp-json\/wp\/v2\/pages\/775\/revisions\/813"}],"wp:attachment":[{"href":"https:\/\/jib.fr\/en\/wp-json\/wp\/v2\/media?parent=775"}],"curies":[{"name":"wp","href":"https:\/\/api.w.org\/{rel}","templated":true}]}}