


















{"id":656,"date":"2019-09-28T16:19:42","date_gmt":"2019-09-28T14:19:42","guid":{"rendered":"https:\/\/jib.fr\/?page_id=656"},"modified":"2022-12-15T09:38:05","modified_gmt":"2022-12-15T08:38:05","slug":"home","status":"publish","type":"page","link":"https:\/\/jib.fr\/en\/","title":{"rendered":"Home"},"content":{"rendered":"<div class=\"wpb-content-wrapper\"><p>[vc_row][vc_column][rev_slider_vc alias=&#8221;home-slider-1&#8243;][\/vc_column][\/vc_row][vc_row el_class=&#8221;box-decoupe box-container&#8221;][vc_column][vc_column_text]<\/p>\n<h2 style=\"text-align: center;\">AERONAUTICS &#8211; DEFENSE &#8211; AUTOMOTIVE &#8211; RAILWAYS &#8211; PACKAGING &#8211; HOUSEHOLD APPLIANCES &#8211; ELECTRONICS &#8211; ACOUSTICS &#8211; COSMETICS &#8211; HVAC&#8230;<\/h2>\n<p>[\/vc_column_text][\/vc_column][vc_column width=&#8221;1\/3&#8243;][vc_single_image image=&#8221;33&#8243; img_size=&#8221;full&#8221; alignment=&#8221;center&#8221; title=&#8221;Cutting&#8221;][\/vc_column][vc_column width=&#8221;1\/3&#8243;][vc_single_image image=&#8221;34&#8243; img_size=&#8221;full&#8221; alignment=&#8221;center&#8221; title=&#8221;Machining&#8221;][\/vc_column][vc_column width=&#8221;1\/3&#8243;][vc_single_image image=&#8221;35&#8243; img_size=&#8221;full&#8221; alignment=&#8221;center&#8221; title=&#8221;Processing&#8221;][\/vc_column][\/vc_row][vc_row el_class=&#8221;box-title box-container title-jib&#8221;][vc_column][vc_column_text el_class=&#8221;cus-title&#8221;]<\/p>\n<h2><strong>JIB<\/strong> about us ?<\/h2>\n<p>[\/vc_column_text][\/vc_column][\/vc_row][vc_row el_class=&#8221;box-entreprise box-container&#8221;][vc_column][vc_row_inner el_class=&#8221;box-content&#8221;][vc_column_inner width=&#8221;1\/2&#8243;][vc_column_text]<\/p>\n<h3>JIB<\/h3>\n<p>JIB is specialized in <strong>cutting and transforming<\/strong> of all types of soft, semi-rigid and cellular materials. It has been maintaining a leading position in industrial cutting since 2 generations.<\/p>\n<p>Its <strong>10 000 m2 production<\/strong> site is situated in Ile-de-France, an important transport and logistics hub.<\/p>\n<p>The constant evolution of our innovative high-tech equipment allows us to meet ever increasing specific needs.<\/p>\n<p>Our expertise, the quality of our products and our capacity to provide quick solutions contribute to customer trust and loyalty in all business sectors.<\/p>\n<p>Aware of the environmental and economic challenges of sustainable development, JIB is involved in the environmentally friendly policy in order to contribute to reducing our ecological impact.<\/p>\n<p>Thus, our manufacturing programmes aim at reducing manufacturing waste but also at encouraging recycling and sustainable waste management.<\/p>\n<p><strong>Our ISO 14001:2015-certified partner<\/strong>, expert in waste management, is in charge of sorting, recycling and recovery of manufacturing waste. <strong>Since November , 2022, JIB is certified ISO 14001 : 2015<\/strong><\/p>\n<p>[\/vc_column_text][vc_btn title=&#8221;Learn more&#8221; align=&#8221;center&#8221; link=&#8221;url:https%3A%2F%2Fjib.fr%2Fsociete%2F|title:Notre%20Soci%C3%A9t%C3%A9||&#8221; css=&#8221;.vc_custom_1651672976230{padding-top: 40px !important;}&#8221;][\/vc_column_inner][vc_column_inner width=&#8221;1\/2&#8243;][vc_single_image image=&#8221;394&#8243; img_size=&#8221;full&#8221; el_class=&#8221;effect&#8221;][\/vc_column_inner][\/vc_row_inner][\/vc_column][\/vc_row][vc_row el_class=&#8221;box-title box-container&#8221;][vc_column][vc_column_text el_class=&#8221;cus-title&#8221;]<\/p>\n<h2><strong>Our products<\/strong> portfolio<\/h2>\n<p>[\/vc_column_text][\/vc_column][\/vc_row][vc_row el_class=&#8221;box-nosprojets box-container&#8221;][vc_column width=&#8221;1\/3&#8243;][vc_single_image image=&#8221;358&#8243; img_size=&#8221;full&#8221; onclick=&#8221;custom_link&#8221; title=&#8221;die-cut seals and gaskets&#8221; link=&#8221;https:\/\/jib.fr\/nos-produits\/joints-decoupes\/&#8221;][vc_single_image image=&#8221;488&#8243; img_size=&#8221;full&#8221; onclick=&#8221;custom_link&#8221; title=&#8221;cushioning materials&#8221; link=&#8221;https:\/\/jib.fr\/nos-produits\/calages\/&#8221;][\/vc_column][vc_column width=&#8221;1\/3&#8243;][vc_single_image image=&#8221;490&#8243; img_size=&#8221;full&#8221; onclick=&#8221;custom_link&#8221; title=&#8221;moulded seals and gaskets&#8221; link=&#8221;https:\/\/jib.fr\/nos-produits\/joint-moules\/&#8221;][vc_single_image image=&#8221;361&#8243; img_size=&#8221;full&#8221; onclick=&#8221;custom_link&#8221; title=&#8221;rolls and spools&#8221; link=&#8221;https:\/\/jib.fr\/nos-produits\/rouleaux-bobines\/&#8221;][\/vc_column][vc_column width=&#8221;1\/3&#8243;][vc_single_image image=&#8221;362&#8243; img_size=&#8221;full&#8221; onclick=&#8221;custom_link&#8221; title=&#8221;extruded seals and rope gaskets&#8221; link=&#8221;https:\/\/jib.fr\/nos-produits\/profils-cordes\/&#8221;][vc_single_image image=&#8221;489&#8243; img_size=&#8221;full&#8221; onclick=&#8221;custom_link&#8221; title=&#8221;complex materials&#8221; link=&#8221;https:\/\/jib.fr\/nos-produits\/complexes\/&#8221;][\/vc_column][\/vc_row][vc_row el_class=&#8221;box-title box-container&#8221;][vc_column][vc_column_text el_class=&#8221;cus-title&#8221;]<\/p>\n<h2><strong>our organization<\/strong> knowledge &#8211; time &#8211; cost<\/h2>\n<p>[\/vc_column_text][\/vc_column][\/vc_row][vc_row el_class=&#8221;box-service box-container&#8221;][vc_column width=&#8221;1\/3&#8243;][vc_single_image image=&#8221;49&#8243; img_size=&#8221;full&#8221; alignment=&#8221;center&#8221; title=&#8221;sales department&#8221; el_class=&#8221;image-icon&#8221;][vc_single_image image=&#8221;51&#8243; img_size=&#8221;full&#8221; alignment=&#8221;center&#8221; title=&#8221;quality compliance&#8221; el_class=&#8221;image-icon&#8221;][\/vc_column][vc_column width=&#8221;1\/3&#8243;][vc_single_image image=&#8221;50&#8243; img_size=&#8221;full&#8221; alignment=&#8221;center&#8221; title=&#8221;studies &amp; methods&#8221; el_class=&#8221;image-icon&#8221;][vc_single_image image=&#8221;48&#8243; img_size=&#8221;full&#8221; alignment=&#8221;center&#8221; title=&#8221;Inspection and sorting&#8221; el_class=&#8221;image-icon&#8221;][\/vc_column][vc_column width=&#8221;1\/3&#8243;][vc_single_image image=&#8221;335&#8243; img_size=&#8221;full&#8221; alignment=&#8221;center&#8221; el_class=&#8221;image-banner&#8221;][\/vc_column][\/vc_row][vc_row content_placement=&#8221;middle&#8221; el_class=&#8221;box-repondreet&#8221; css=&#8221;.vc_custom_1569747502639{background-color: #3c4377 !important;}&#8221;][vc_column width=&#8221;1\/4&#8243;][vc_single_image image=&#8221;578&#8243; img_size=&#8221;medium&#8221; onclick=&#8221;custom_link&#8221; link=&#8221;https:\/\/jib.fr\/certificat-n-1997-22160-6\/&#8221; el_class=&#8221;effect&#8221;][vc_single_image image=&#8221;575&#8243; img_size=&#8221;full&#8221; onclick=&#8221;custom_link&#8221; img_link_target=&#8221;_blank&#8221; link=&#8221;https:\/\/jib.fr\/certification-en9100-2008\/&#8221; el_class=&#8221;effect&#8221;][vc_single_image image=&#8221;591&#8243; img_size=&#8221;full&#8221; onclick=&#8221;custom_link&#8221; img_link_target=&#8221;_blank&#8221; link=&#8221;#&#8221; el_class=&#8221;effect&#8221;][\/vc_column][vc_column width=&#8221;1\/2&#8243;][vc_column_text]<\/p>\n<h4 style=\"text-align: center;\">Respond and satisfy our Customer<\/h4>\n<p style=\"text-align: center;\"><em>\u00ab Since 1977, we have been committed to a process of progress and continuous improvement, at the heart of which people play a prominent role. Our resources and our development are based simultaneously on investments in high-performance production tools and on the training of our employees. \u00bb<\/em><\/p>\n<p>[\/vc_column_text][vc_column_text]<\/p>\n<p style=\"text-align: center;\"><strong>Since November , 2022, JIB is certified ISO 14001 : 2015<\/strong><\/p>\n<p>[\/vc_column_text][\/vc_column][vc_column width=&#8221;1\/4&#8243;][vc_single_image image=&#8221;833&#8243; img_size=&#8221;full&#8221; alignment=&#8221;center&#8221; onclick=&#8221;custom_link&#8221; img_link_target=&#8221;_blank&#8221; link=&#8221;https:\/\/jib.fr\/en\/jib-is-certified-iso-14001-2015\/&#8221; el_class=&#8221;effect&#8221;][\/vc_column][\/vc_row][vc_row el_class=&#8221;box-actualites box-container&#8221;][vc_column][vc_column_text el_class=&#8221;cus-title&#8221;]<\/p>\n<h2><strong>news<\/strong> stay informed<\/h2>\n<p>[\/vc_column_text][vc_btn title=&#8221;Show more&#8221; align=&#8221;center&#8221; link=&#8221;url:https%3A%2F%2Fjib.fr%2Factualites%2F|title:Actualites||&#8221; css=&#8221;.vc_custom_1651673340662{padding-top: 40px !important;}&#8221;][\/vc_column][\/vc_row]<\/p>\n<\/div>","protected":false},"excerpt":{"rendered":"<p>[vc_row][vc_column][rev_slider_vc alias=&#8221;home-slider-1&#8243;][\/vc_column][\/vc_row][vc_row el_class=&#8221;box-decoupe box-container&#8221;][vc_column][vc_column_text] AERONAUTICS &#8211; DEFENSE &#8211; AUTOMOTIVE &#8211; RAILWAYS &#8211; PACKAGING &#8211; HOUSEHOLD APPLIANCES &#8211; ELECTRONICS &#8211; ACOUSTICS &#8211; COSMETICS &#8211; HVAC&#8230; [\/vc_column_text][\/vc_column][vc_column width=&#8221;1\/3&#8243;][vc_single_image image=&#8221;33&#8243; img_size=&#8221;full&#8221; alignment=&#8221;center&#8221; title=&#8221;Cutting&#8221;][\/vc_column][vc_column width=&#8221;1\/3&#8243;][vc_single_image image=&#8221;34&#8243; img_size=&#8221;full&#8221; alignment=&#8221;center&#8221; title=&#8221;Machining&#8221;][\/vc_column][vc_column width=&#8221;1\/3&#8243;][vc_single_image image=&#8221;35&#8243; img_size=&#8221;full&#8221; alignment=&#8221;center&#8221; title=&#8221;Processing&#8221;][\/vc_column][\/vc_row][vc_row el_class=&#8221;box-title box-container title-jib&#8221;][vc_column][vc_column_text el_class=&#8221;cus-title&#8221;] JIB about us ? [\/vc_column_text][\/vc_column][\/vc_row][vc_row el_class=&#8221;box-entreprise box-container&#8221;][vc_column][vc_row_inner el_class=&#8221;box-content&#8221;][vc_column_inner width=&#8221;1\/2&#8243;][vc_column_text] JIB JIB &hellip; <\/p>\n<p class=\"link-more\"><a href=\"https:\/\/jib.fr\/en\/\" class=\"more-link\">Continue reading<span class=\"screen-reader-text\"> &#8220;Home&#8221;<\/span><\/a><\/p>\n","protected":false},"author":1,"featured_media":0,"parent":0,"menu_order":0,"comment_status":"closed","ping_status":"closed","template":"","meta":{"footnotes":""},"class_list":["post-656","page","type-page","status-publish","hentry"],"yoast_head":"<!-- This site is optimized with the Yoast SEO plugin v27.5 - https:\/\/yoast.com\/product\/yoast-seo-wordpress\/ -->\n<title>Home - JIB Transformation et D\u00e9coupe de Mati\u00e8res Souples et Semi-rigides<\/title>\n<meta name=\"description\" content=\"JIB. Sp\u00e9cialis\u00e9e dans la d\u00e9coupe et la transformation de toutes mati\u00e8res souples, semi-rigides et alv\u00e9olaires\" \/>\n<meta name=\"robots\" content=\"index, follow, max-snippet:-1, max-image-preview:large, max-video-preview:-1\" \/>\n<link rel=\"canonical\" href=\"https:\/\/jib.fr\/en\/\" \/>\n<meta property=\"og:locale\" content=\"en_US\" \/>\n<meta property=\"og:type\" content=\"article\" \/>\n<meta property=\"og:title\" content=\"Home - JIB Transformation et D\u00e9coupe de Mati\u00e8res Souples et Semi-rigides\" \/>\n<meta property=\"og:description\" content=\"JIB. Sp\u00e9cialis\u00e9e dans la d\u00e9coupe et la transformation de toutes mati\u00e8res souples, semi-rigides et alv\u00e9olaires\" \/>\n<meta property=\"og:url\" content=\"https:\/\/jib.fr\/en\/\" \/>\n<meta property=\"og:site_name\" content=\"JIB Transformation et D\u00e9coupe de Mati\u00e8res Souples et Semi-rigides\" \/>\n<meta property=\"article:modified_time\" content=\"2022-12-15T08:38:05+00:00\" \/>\n<meta property=\"og:image\" content=\"https:\/\/jib.fr\/wp-content\/uploads\/2023\/05\/cropped-logo-larger.png\" \/>\n\t<meta property=\"og:image:width\" content=\"384\" \/>\n\t<meta property=\"og:image:height\" content=\"250\" \/>\n\t<meta property=\"og:image:type\" content=\"image\/png\" \/>\n<meta name=\"twitter:card\" content=\"summary_large_image\" \/>\n<meta name=\"twitter:label1\" content=\"Est. reading time\" \/>\n\t<meta name=\"twitter:data1\" content=\"5 minutes\" \/>\n<script type=\"application\/ld+json\" class=\"yoast-schema-graph\">{\"@context\":\"https:\\\/\\\/schema.org\",\"@graph\":[{\"@type\":\"WebPage\",\"@id\":\"https:\\\/\\\/jib.fr\\\/en\\\/\",\"url\":\"https:\\\/\\\/jib.fr\\\/en\\\/\",\"name\":\"Home - JIB Transformation et D\u00e9coupe de Mati\u00e8res Souples et Semi-rigides\",\"isPartOf\":{\"@id\":\"https:\\\/\\\/jib.fr\\\/#website\"},\"datePublished\":\"2019-09-28T14:19:42+00:00\",\"dateModified\":\"2022-12-15T08:38:05+00:00\",\"description\":\"JIB. Sp\u00e9cialis\u00e9e dans la d\u00e9coupe et la transformation de toutes mati\u00e8res souples, semi-rigides et alv\u00e9olaires\",\"breadcrumb\":{\"@id\":\"https:\\\/\\\/jib.fr\\\/en\\\/#breadcrumb\"},\"inLanguage\":\"en-US\",\"potentialAction\":[{\"@type\":\"ReadAction\",\"target\":[\"https:\\\/\\\/jib.fr\\\/en\\\/\"]}]},{\"@type\":\"BreadcrumbList\",\"@id\":\"https:\\\/\\\/jib.fr\\\/en\\\/#breadcrumb\",\"itemListElement\":[{\"@type\":\"ListItem\",\"position\":1,\"name\":\"Home\",\"item\":\"https:\\\/\\\/jib.fr\\\/en\\\/\"},{\"@type\":\"ListItem\",\"position\":2,\"name\":\"Home\"}]},{\"@type\":\"WebSite\",\"@id\":\"https:\\\/\\\/jib.fr\\\/#website\",\"url\":\"https:\\\/\\\/jib.fr\\\/\",\"name\":\"JIB Transformation et D\u00e9coupe de Mati\u00e8res Souples et Semi-rigides\",\"description\":\"D\u00e9coupe industrielle\",\"publisher\":{\"@id\":\"https:\\\/\\\/jib.fr\\\/#organization\"},\"alternateName\":\"JIB\",\"potentialAction\":[{\"@type\":\"SearchAction\",\"target\":{\"@type\":\"EntryPoint\",\"urlTemplate\":\"https:\\\/\\\/jib.fr\\\/?s={search_term_string}\"},\"query-input\":{\"@type\":\"PropertyValueSpecification\",\"valueRequired\":true,\"valueName\":\"search_term_string\"}}],\"inLanguage\":\"en-US\"},{\"@type\":\"Organization\",\"@id\":\"https:\\\/\\\/jib.fr\\\/#organization\",\"name\":\"JIB Transformation et D\u00e9coupe de Mati\u00e8res Souples et Semi-rigides\",\"alternateName\":\"JIB\",\"url\":\"https:\\\/\\\/jib.fr\\\/\",\"logo\":{\"@type\":\"ImageObject\",\"inLanguage\":\"en-US\",\"@id\":\"https:\\\/\\\/jib.fr\\\/#\\\/schema\\\/logo\\\/image\\\/\",\"url\":\"https:\\\/\\\/jib.fr\\\/wp-content\\\/uploads\\\/2022\\\/12\\\/cropped-cropped-logo-larger-300x195-1-1.png\",\"contentUrl\":\"https:\\\/\\\/jib.fr\\\/wp-content\\\/uploads\\\/2022\\\/12\\\/cropped-cropped-logo-larger-300x195-1-1.png\",\"width\":384,\"height\":250,\"caption\":\"JIB Transformation et D\u00e9coupe de Mati\u00e8res Souples et Semi-rigides\"},\"image\":{\"@id\":\"https:\\\/\\\/jib.fr\\\/#\\\/schema\\\/logo\\\/image\\\/\"}}]}<\/script>\n<!-- \/ Yoast SEO plugin. -->","yoast_head_json":{"title":"Home - JIB Transformation et D\u00e9coupe de Mati\u00e8res Souples et Semi-rigides","description":"JIB. Sp\u00e9cialis\u00e9e dans la d\u00e9coupe et la transformation de toutes mati\u00e8res souples, semi-rigides et alv\u00e9olaires","robots":{"index":"index","follow":"follow","max-snippet":"max-snippet:-1","max-image-preview":"max-image-preview:large","max-video-preview":"max-video-preview:-1"},"canonical":"https:\/\/jib.fr\/en\/","og_locale":"en_US","og_type":"article","og_title":"Home - JIB Transformation et D\u00e9coupe de Mati\u00e8res Souples et Semi-rigides","og_description":"JIB. Sp\u00e9cialis\u00e9e dans la d\u00e9coupe et la transformation de toutes mati\u00e8res souples, semi-rigides et alv\u00e9olaires","og_url":"https:\/\/jib.fr\/en\/","og_site_name":"JIB Transformation et D\u00e9coupe de Mati\u00e8res Souples et Semi-rigides","article_modified_time":"2022-12-15T08:38:05+00:00","og_image":[{"width":384,"height":250,"url":"https:\/\/jib.fr\/wp-content\/uploads\/2023\/05\/cropped-logo-larger.png","type":"image\/png"}],"twitter_card":"summary_large_image","twitter_misc":{"Est. reading time":"5 minutes"},"schema":{"@context":"https:\/\/schema.org","@graph":[{"@type":"WebPage","@id":"https:\/\/jib.fr\/en\/","url":"https:\/\/jib.fr\/en\/","name":"Home - JIB Transformation et D\u00e9coupe de Mati\u00e8res Souples et Semi-rigides","isPartOf":{"@id":"https:\/\/jib.fr\/#website"},"datePublished":"2019-09-28T14:19:42+00:00","dateModified":"2022-12-15T08:38:05+00:00","description":"JIB. Sp\u00e9cialis\u00e9e dans la d\u00e9coupe et la transformation de toutes mati\u00e8res souples, semi-rigides et alv\u00e9olaires","breadcrumb":{"@id":"https:\/\/jib.fr\/en\/#breadcrumb"},"inLanguage":"en-US","potentialAction":[{"@type":"ReadAction","target":["https:\/\/jib.fr\/en\/"]}]},{"@type":"BreadcrumbList","@id":"https:\/\/jib.fr\/en\/#breadcrumb","itemListElement":[{"@type":"ListItem","position":1,"name":"Home","item":"https:\/\/jib.fr\/en\/"},{"@type":"ListItem","position":2,"name":"Home"}]},{"@type":"WebSite","@id":"https:\/\/jib.fr\/#website","url":"https:\/\/jib.fr\/","name":"JIB Transformation et D\u00e9coupe de Mati\u00e8res Souples et Semi-rigides","description":"D\u00e9coupe industrielle","publisher":{"@id":"https:\/\/jib.fr\/#organization"},"alternateName":"JIB","potentialAction":[{"@type":"SearchAction","target":{"@type":"EntryPoint","urlTemplate":"https:\/\/jib.fr\/?s={search_term_string}"},"query-input":{"@type":"PropertyValueSpecification","valueRequired":true,"valueName":"search_term_string"}}],"inLanguage":"en-US"},{"@type":"Organization","@id":"https:\/\/jib.fr\/#organization","name":"JIB Transformation et D\u00e9coupe de Mati\u00e8res Souples et Semi-rigides","alternateName":"JIB","url":"https:\/\/jib.fr\/","logo":{"@type":"ImageObject","inLanguage":"en-US","@id":"https:\/\/jib.fr\/#\/schema\/logo\/image\/","url":"https:\/\/jib.fr\/wp-content\/uploads\/2022\/12\/cropped-cropped-logo-larger-300x195-1-1.png","contentUrl":"https:\/\/jib.fr\/wp-content\/uploads\/2022\/12\/cropped-cropped-logo-larger-300x195-1-1.png","width":384,"height":250,"caption":"JIB Transformation et D\u00e9coupe de Mati\u00e8res Souples et Semi-rigides"},"image":{"@id":"https:\/\/jib.fr\/#\/schema\/logo\/image\/"}}]}},"_links":{"self":[{"href":"https:\/\/jib.fr\/en\/wp-json\/wp\/v2\/pages\/656","targetHints":{"allow":["GET"]}}],"collection":[{"href":"https:\/\/jib.fr\/en\/wp-json\/wp\/v2\/pages"}],"about":[{"href":"https:\/\/jib.fr\/en\/wp-json\/wp\/v2\/types\/page"}],"author":[{"embeddable":true,"href":"https:\/\/jib.fr\/en\/wp-json\/wp\/v2\/users\/1"}],"replies":[{"embeddable":true,"href":"https:\/\/jib.fr\/en\/wp-json\/wp\/v2\/comments?post=656"}],"version-history":[{"count":4,"href":"https:\/\/jib.fr\/en\/wp-json\/wp\/v2\/pages\/656\/revisions"}],"predecessor-version":[{"id":852,"href":"https:\/\/jib.fr\/en\/wp-json\/wp\/v2\/pages\/656\/revisions\/852"}],"wp:attachment":[{"href":"https:\/\/jib.fr\/en\/wp-json\/wp\/v2\/media?parent=656"}],"curies":[{"name":"wp","href":"https:\/\/api.w.org\/{rel}","templated":true}]}}